{"id":1894,"date":"2024-12-28T14:39:20","date_gmt":"2024-12-28T14:39:20","guid":{"rendered":"https:\/\/maggio.accesoft.it\/?page_id=1894"},"modified":"2024-12-28T15:06:03","modified_gmt":"2024-12-28T15:06:03","slug":"principessa-maori","status":"publish","type":"page","link":"https:\/\/www.ilmaggiodiaccettura.it\/?page_id=1894","title":{"rendered":"Principessa Maori"},"content":{"rendered":"<div data-colibri-id=\"1894-c1\" class=\"style-2498 style-local-1894-c1 position-relative\">\n  <!---->\n  <div data-colibri-component=\"section\" data-colibri-id=\"1894-c2\" id=\"cta\" class=\"h-section h-section-global-spacing d-flex align-items-lg-center align-items-md-center align-items-center style-2499 style-local-1894-c2 position-relative\">\n    <!---->\n    <!---->\n    <div class=\"h-section-grid-container h-section-boxed-container\">\n      <!---->\n      <div data-colibri-id=\"1894-c3\" class=\"h-row-container gutters-row-lg-2 gutters-row-md-2 gutters-row-0 gutters-row-v-lg-2 gutters-row-v-md-2 gutters-row-v-2 style-2500 style-local-1894-c3 position-relative\">\n        <!---->\n        <div class=\"h-row justify-content-lg-center justify-content-md-center justify-content-center align-items-lg-stretch align-items-md-stretch align-items-stretch gutters-col-lg-2 gutters-col-md-2 gutters-col-0 gutters-col-v-lg-2 gutters-col-v-md-2 gutters-col-v-2\">\n          <!---->\n          <div class=\"h-column h-column-container d-flex h-col-lg-auto h-col-md-auto h-col-auto style-2501-outer style-local-1894-c4-outer\">\n            <div data-colibri-id=\"1894-c4\" class=\"d-flex h-flex-basis h-column__inner h-px-lg-2 h-px-md-2 h-px-2 v-inner-lg-2 v-inner-md-2 v-inner-2 style-2501 style-local-1894-c4 position-relative\">\n              <!---->\n              <!---->\n              <div class=\"w-100 h-y-container h-column__content h-column__v-align flex-basis-100 align-self-lg-start align-self-md-start align-self-start\">\n                <!---->\n                <div data-colibri-id=\"1894-c5\" class=\"h-global-transition-all h-heading style-2502 style-local-1894-c5 position-relative h-element\">\n                  <!---->\n                  <div class=\"h-heading__outer style-2502 style-local-1894-c5\">\n                    <!---->\n                    <!---->\n                    <h1 class=\"\">Principessa Maori<\/h1>\n                  <\/div>\n                <\/div>\n              <\/div>\n            <\/div>\n          <\/div>\n        <\/div>\n      <\/div>\n      <div data-colibri-id=\"1894-c6\" class=\"h-row-container gutters-row-lg-3 gutters-row-md-3 gutters-row-0 gutters-row-v-lg-3 gutters-row-v-md-3 gutters-row-v-3 style-2503 style-local-1894-c6 position-relative\">\n        <!---->\n        <div class=\"h-row justify-content-lg-center justify-content-md-center justify-content-center align-items-lg-stretch align-items-md-stretch align-items-stretch gutters-col-lg-3 gutters-col-md-3 gutters-col-0 gutters-col-v-lg-3 gutters-col-v-md-3 gutters-col-v-3\">\n          <!---->\n          <div class=\"h-column h-column-container d-flex h-col-lg-4 h-col-md-4 h-col-12 style-2504-outer style-local-1894-c7-outer\">\n            <div data-colibri-id=\"1894-c7\" class=\"d-flex h-flex-basis h-column__inner h-ui-empty-state-container h-px-lg-0 h-px-md-0 h-px-2 v-inner-lg-0 v-inner-md-0 v-inner-2 style-2504 style-local-1894-c7 position-relative\">\n              <!---->\n              <!---->\n              <div class=\"w-100 h-y-container h-column__content h-column__v-align flex-basis-100\">\n                <!---->\n              <\/div>\n            <\/div>\n          <\/div>\n        <\/div>\n      <\/div>\n    <\/div>\n  <\/div>\n  <div data-colibri-component=\"section\" data-colibri-id=\"1894-c8\" id=\"initial-content\" class=\"h-section h-section-global-spacing d-flex align-items-lg-center align-items-md-center align-items-center style-2505 style-local-1894-c8 position-relative\">\n    <!---->\n    <!---->\n    <div class=\"h-section-grid-container h-section-boxed-container\">\n      <!---->\n      <div data-colibri-id=\"1894-c9\" class=\"h-row-container gutters-row-lg-2 gutters-row-md-2 gutters-row-0 gutters-row-v-lg-2 gutters-row-v-md-2 gutters-row-v-2 style-2506 style-local-1894-c9 position-relative\">\n        <!---->\n        <div class=\"h-row justify-content-lg-center justify-content-md-center justify-content-center align-items-lg-stretch align-items-md-stretch align-items-stretch gutters-col-lg-2 gutters-col-md-2 gutters-col-0 gutters-col-v-lg-2 gutters-col-v-md-2 gutters-col-v-2\">\n          <!---->\n          <div class=\"h-column h-column-container d-flex h-col-lg-auto h-col-md-auto h-col-auto style-2507-outer style-local-1894-c10-outer\">\n            <div data-colibri-id=\"1894-c10\" class=\"d-flex h-flex-basis h-column__inner h-px-lg-2 h-px-md-2 h-px-2 v-inner-lg-2 v-inner-md-2 v-inner-2 style-2507 style-local-1894-c10 position-relative\">\n              <!---->\n              <!---->\n              <div class=\"w-100 h-y-container h-column__content h-column__v-align flex-basis-100 align-self-lg-start align-self-md-start align-self-start\">\n                <!---->\n                <div data-colibri-id=\"1894-c11\" class=\"h-divider style-2508 style-local-1894-c11 position-relative h-element\">\n                  <!----><span class=\"h-divider__line style-2508-line style-local-1894-c11-line style-2508-line style-local-1894-c11-line\"><\/span> <span class=\"h-svg-icon h-divider__icon style-2508-icon style-local-1894-c11-icon\"><!--Icon by Font Awesome (https:\/\/fontawesome.com)-->\n    <svg version=\"1.1\" xmlns=\"http:\/\/www.w3.org\/2000\/svg\" xmlns:xlink=\"http:\/\/www.w3.org\/1999\/xlink\" id=\"leaf\" viewBox=\"0 0 1792 1896.0833\">\n      <path d=\"M1280 704q0-26-19-45t-45-19q-172 0-318 49.5t-259.5 134T403 1043q-19 21-19 45 0 26 19 45t45 19q24 0 45-19 27-24 74-71t67-66q137-124 268.5-176t313.5-52q26 0 45-19t19-45zm512-198q0 95-20 193-46 224-184.5 383T1230 1350q-214 108-438 108-148 0-286-47-15-5-88-42t-96-37q-16 0-39.5 32t-45 70-52.5 70-60 32q-43 0-63.5-17.5T16 1459q-2-4-6-11t-5.5-10-3-9.5T0 1415q0-35 31-73.5t68-65.5 68-56 31-48q0-4-14-38t-16-44q-9-51-9-104 0-115 43.5-220t119-184.5 170.5-139T696 347q55-18 145-25.5t179.5-9 178.5-6 163.5-24T1476 226l29.5-29.5 29.5-28 27-20 36.5-16 43.5-4.5q39 0 70.5 46t47.5 112 24 124 8 96z\"><\/path>\n    <\/svg><\/span> <span class=\"h-divider__line style-2508-line style-local-1894-c11-line style-2508-line style-local-1894-c11-line\"><\/span><\/div>\n              <\/div>\n            <\/div>\n          <\/div>\n        <\/div>\n      <\/div>\n      <div data-colibri-id=\"1894-c12\" class=\"h-row-container gutters-row-lg-2 gutters-row-md-2 gutters-row-0 gutters-row-v-lg-2 gutters-row-v-md-2 gutters-row-v-2 style-2509 style-local-1894-c12 position-relative\">\n        <!---->\n        <div class=\"h-row justify-content-lg-center justify-content-md-center justify-content-center align-items-lg-stretch align-items-md-stretch align-items-stretch gutters-col-lg-2 gutters-col-md-2 gutters-col-0 gutters-col-v-lg-2 gutters-col-v-md-2 gutters-col-v-2\">\n          <!---->\n          <div class=\"h-column h-column-container d-flex h-col-lg-auto h-col-md-auto h-col-auto style-2510-outer style-local-1894-c13-outer\">\n            <div data-colibri-id=\"1894-c13\" class=\"d-flex h-flex-basis h-column__inner h-px-lg-2 h-px-md-2 h-px-2 v-inner-lg-2 v-inner-md-2 v-inner-2 style-2510 style-local-1894-c13 position-relative\">\n              <!---->\n              <!---->\n              <div class=\"w-100 h-y-container h-column__content h-column__v-align flex-basis-100 align-self-lg-start align-self-md-start align-self-start\">\n                <!---->\n                <div data-colibri-id=\"1894-c14\" class=\"h-text h-text-component style-2511 style-local-1894-c14 position-relative h-element\">\n                  <!---->\n                  <!---->\n                  <div class=\"\">\n                    <p>Nel 1996, una principessa Maori giunse ad Accettura, attirata dalla notizia del culto dell\u2019albero celebrato durante la festa del Maggio. Il suo interesse non era dettato da mera curiosit\u00e0, ma da un profondo legame culturale: nelle\n                      comunit\u00e0 Maori, infatti, il culto dell\u2019albero e della Natura riveste un significato spirituale e simbolico di grande rilevanza. La principessa segu\u00ec con partecipazione attiva i tre giorni della festa, immergendosi appieno nei suoi\n                      rituali. La domenica del Maggio si un\u00ec ai Cimaioli fin dalla partenza per Gallipoli e visse l\u2019intera giornata come una di loro, integrandosi nei vari momenti del processo festivo. Durante l\u2019abbattimento della cima, il trasporto e\n                      le pause rituali, la sua voce risuonava con canti e melodie evocative. Le modalit\u00e0 e i momenti in cui intonava i suoi canti trasmettevano un\u2019intensa partecipazione emotiva: erano inni alla vita e alla Natura, ma anche un compianto\n                      per l\u2019albero, abbattuto e strappato dal suo habitat naturale. La principessa, inoltre, contribu\u00ec fisicamente al trasporto dell\u2019albero, sottolineando ulteriormente il suo coinvolgimento.<\/p>\n                  <\/div>\n                <\/div>\n              <\/div>\n            <\/div>\n          <\/div>\n          <div class=\"h-column h-column-container d-flex h-col-lg-auto h-col-md-auto h-col-auto style-2512-outer style-local-1894-c15-outer\">\n            <div data-colibri-id=\"1894-c15\" class=\"d-flex h-flex-basis h-column__inner h-px-lg-2 h-px-md-2 h-px-2 v-inner-lg-2 v-inner-md-2 v-inner-2 style-2512 style-local-1894-c15 position-relative\">\n              <!---->\n              <!---->\n              <div class=\"w-100 h-y-container h-column__content h-column__v-align flex-basis-100 align-self-lg-start align-self-md-start align-self-start\">\n                <!---->\n                <div data-colibri-id=\"1894-c16\" class=\"d-block style-2513 style-local-1894-c16 position-relative h-element\">\n                  <!---->\n                  <div class=\"h-image__frame-container-outer\">\n                    <div class=\"h-image__frame-container\">\n                      <!---->\n                      <!---->\n                      <img loading=\"lazy\" decoding=\"async\" width=\"755\" height=\"500\" src=\"https:\/\/www.ilmaggiodiaccettura.it\/wp-content\/uploads\/2024\/12\/maori-1.png\" class=\"wp-image-1897 style-2513-image style-local-1894-c16-image\" alt=\"\" srcset=\"https:\/\/www.ilmaggiodiaccettura.it\/wp-content\/uploads\/2024\/12\/maori-1.png 755w, https:\/\/www.ilmaggiodiaccettura.it\/wp-content\/uploads\/2024\/12\/maori-1-300x199.png 300w\" sizes=\"auto, (max-width: 755px) 100vw, 755px\" \/>\n                      <div class=\"h-image__frame h-hide-lg h-hide-md h-hide-sm style-2513-frameImage style-local-1894-c16-frameImage\"><\/div>\n                    <\/div>\n                  <\/div>\n                <\/div>\n                <div data-colibri-id=\"1894-c17\" class=\"h-text h-text-component style-2514 style-local-1894-c17 position-relative h-element\">\n                  <!---->\n                  <!---->\n                  <div class=\"\">\n                    <p>Foto di Vito Falcone<\/p>\n                  <\/div>\n                <\/div>\n              <\/div>\n            <\/div>\n          <\/div>\n        <\/div>\n      <\/div>\n      <div data-colibri-id=\"1894-c18\" class=\"h-row-container gutters-row-lg-2 gutters-row-md-2 gutters-row-0 gutters-row-v-lg-2 gutters-row-v-md-2 gutters-row-v-2 style-2515 style-local-1894-c18 position-relative\">\n        <!---->\n        <div class=\"h-row justify-content-lg-center justify-content-md-center justify-content-center align-items-lg-stretch align-items-md-stretch align-items-stretch gutters-col-lg-2 gutters-col-md-2 gutters-col-0 gutters-col-v-lg-2 gutters-col-v-md-2 gutters-col-v-2\">\n          <!---->\n          <div class=\"h-column h-column-container d-flex h-col-lg-auto h-col-md-auto h-col-auto style-2516-outer style-local-1894-c19-outer\">\n            <div data-colibri-id=\"1894-c19\" class=\"d-flex h-flex-basis h-column__inner h-px-lg-2 h-px-md-2 h-px-2 v-inner-lg-2 v-inner-md-2 v-inner-2 style-2516 style-local-1894-c19 position-relative\">\n              <!---->\n              <!---->\n              <div class=\"w-100 h-y-container h-column__content h-column__v-align flex-basis-100 align-self-lg-start align-self-md-start align-self-start\">\n                <!---->\n                <div data-colibri-id=\"1894-c20\" class=\"h-text h-text-component style-2517 style-local-1894-c20 position-relative h-element\">\n                  <!---->\n                  <!---->\n                  <div class=\"\">\n                    <p>In un incontro organizzato nella sala del Comune, la principessa condivise con gli accetturesi i costumi e le tradizioni del suo popolo. Parl\u00f2 con passione della venerazione Maori per gli alberi, considerati doni preziosi della Natura\n                      e amici fraterni dell\u2019uomo. Raccont\u00f2 una tradizione particolarmente significativa: ogni bambino, alla nascita, riceve in dono un albero che diventa il suo compagno per tutta la vita, un simbolo del legame indissolubile tra l\u2019uomo\n                      e il mondo naturale. L\u2019esperienza della principessa Maori ad Accettura non solo arricch\u00ec la festa con un tocco di universalit\u00e0, ma sottoline\u00f2 come il culto dell\u2019albero, pur declinato in forme diverse, rappresenti un elemento comune\n                      a molte culture, capace di unire popoli lontani in una visione condivisa di rispetto e armonia con la Natura.<\/p>\n                  <\/div>\n                <\/div>\n              <\/div>\n            <\/div>\n          <\/div>\n          <div class=\"h-column h-column-container d-flex h-col-lg-auto h-col-md-auto h-col-auto style-2518-outer style-local-1894-c21-outer\">\n            <div data-colibri-id=\"1894-c21\" class=\"d-flex h-flex-basis h-column__inner h-px-lg-2 h-px-md-2 h-px-2 v-inner-lg-2 v-inner-md-2 v-inner-2 style-2518 style-local-1894-c21 position-relative\">\n              <!---->\n              <!---->\n              <div class=\"w-100 h-y-container h-column__content h-column__v-align flex-basis-100 align-self-lg-start align-self-md-start align-self-start\">\n                <!---->\n                <div data-colibri-id=\"1894-c22\" class=\"d-block style-2519 style-local-1894-c22 position-relative h-element\">\n                  <!---->\n                  <div class=\"h-image__frame-container-outer\">\n                    <div class=\"h-image__frame-container\">\n                      <!---->\n                      <!---->\n                      <img loading=\"lazy\" decoding=\"async\" width=\"755\" height=\"500\" src=\"https:\/\/www.ilmaggiodiaccettura.it\/wp-content\/uploads\/2024\/12\/maori-2.png\" class=\"wp-image-1898 style-2519-image style-local-1894-c22-image\" alt=\"\" srcset=\"https:\/\/www.ilmaggiodiaccettura.it\/wp-content\/uploads\/2024\/12\/maori-2.png 755w, https:\/\/www.ilmaggiodiaccettura.it\/wp-content\/uploads\/2024\/12\/maori-2-300x199.png 300w\" sizes=\"auto, (max-width: 755px) 100vw, 755px\" \/>\n                      <div class=\"h-image__frame h-hide-lg h-hide-md h-hide-sm style-2519-frameImage style-local-1894-c22-frameImage\"><\/div>\n                    <\/div>\n                  <\/div>\n                <\/div>\n                <div data-colibri-id=\"1894-c23\" class=\"h-text h-text-component style-2520 style-local-1894-c23 position-relative h-element\">\n                  <!---->\n                  <!---->\n                  <div class=\"\">\n                    <p><em>foto di Vito Falcone&nbsp;<\/em><\/p>\n                  <\/div>\n                <\/div>\n              <\/div>\n            <\/div>\n          <\/div>\n        <\/div>\n      <\/div>\n      <div data-colibri-id=\"1894-c24\" class=\"h-row-container gutters-row-lg-2 gutters-row-md-2 gutters-row-0 gutters-row-v-lg-2 gutters-row-v-md-2 gutters-row-v-2 style-2521 style-local-1894-c24 position-relative\">\n        <!---->\n        <div class=\"h-row justify-content-lg-center justify-content-md-center justify-content-center align-items-lg-stretch align-items-md-stretch align-items-stretch gutters-col-lg-2 gutters-col-md-2 gutters-col-0 gutters-col-v-lg-2 gutters-col-v-md-2 gutters-col-v-2\">\n          <!---->\n          <div class=\"h-column h-column-container d-flex h-col-lg-auto h-col-md-auto h-col-auto style-2522-outer style-local-1894-c25-outer\">\n            <div data-colibri-id=\"1894-c25\" class=\"d-flex h-flex-basis h-column__inner h-px-lg-2 h-px-md-2 h-px-2 v-inner-lg-2 v-inner-md-2 v-inner-2 style-2522 style-local-1894-c25 position-relative\">\n              <!---->\n              <!---->\n              <div class=\"w-100 h-y-container h-column__content h-column__v-align flex-basis-100 align-self-lg-start align-self-md-start align-self-start\">\n                <!---->\n                <div data-colibri-id=\"1894-c26\" class=\"h-divider style-2523 style-local-1894-c26 position-relative h-element\">\n                  <!----><span class=\"h-divider__line style-2523-line style-local-1894-c26-line style-2523-line style-local-1894-c26-line\"><\/span> <span class=\"h-svg-icon h-divider__icon style-2523-icon style-local-1894-c26-icon\"><!--Icon by Font Awesome (https:\/\/fontawesome.com)-->\n    <svg version=\"1.1\" xmlns=\"http:\/\/www.w3.org\/2000\/svg\" xmlns:xlink=\"http:\/\/www.w3.org\/1999\/xlink\" id=\"leaf\" viewBox=\"0 0 1792 1896.0833\">\n      <path d=\"M1280 704q0-26-19-45t-45-19q-172 0-318 49.5t-259.5 134T403 1043q-19 21-19 45 0 26 19 45t45 19q24 0 45-19 27-24 74-71t67-66q137-124 268.5-176t313.5-52q26 0 45-19t19-45zm512-198q0 95-20 193-46 224-184.5 383T1230 1350q-214 108-438 108-148 0-286-47-15-5-88-42t-96-37q-16 0-39.5 32t-45 70-52.5 70-60 32q-43 0-63.5-17.5T16 1459q-2-4-6-11t-5.5-10-3-9.5T0 1415q0-35 31-73.5t68-65.5 68-56 31-48q0-4-14-38t-16-44q-9-51-9-104 0-115 43.5-220t119-184.5 170.5-139T696 347q55-18 145-25.5t179.5-9 178.5-6 163.5-24T1476 226l29.5-29.5 29.5-28 27-20 36.5-16 43.5-4.5q39 0 70.5 46t47.5 112 24 124 8 96z\"><\/path>\n    <\/svg><\/span> <span class=\"h-divider__line style-2523-line style-local-1894-c26-line style-2523-line style-local-1894-c26-line\"><\/span><\/div>\n              <\/div>\n            <\/div>\n          <\/div>\n        <\/div>\n      <\/div>\n    <\/div>\n  <\/div>\n<\/div>","protected":false},"excerpt":{"rendered":"<p>Principessa Maori Nel 1996, una principessa Maori giunse ad Accettura, attirata dalla notizia [&hellip;]<\/p>\n","protected":false},"author":1,"featured_media":0,"parent":0,"menu_order":0,"comment_status":"closed","ping_status":"closed","template":"page-templates\/full-width-page.php","meta":{"footnotes":""},"class_list":["post-1894","page","type-page","status-publish","hentry"],"jetpack_sharing_enabled":true,"_links":{"self":[{"href":"https:\/\/www.ilmaggiodiaccettura.it\/index.php?rest_route=\/wp\/v2\/pages\/1894","targetHints":{"allow":["GET"]}}],"collection":[{"href":"https:\/\/www.ilmaggiodiaccettura.it\/index.php?rest_route=\/wp\/v2\/pages"}],"about":[{"href":"https:\/\/www.ilmaggiodiaccettura.it\/index.php?rest_route=\/wp\/v2\/types\/page"}],"author":[{"embeddable":true,"href":"https:\/\/www.ilmaggiodiaccettura.it\/index.php?rest_route=\/wp\/v2\/users\/1"}],"replies":[{"embeddable":true,"href":"https:\/\/www.ilmaggiodiaccettura.it\/index.php?rest_route=%2Fwp%2Fv2%2Fcomments&post=1894"}],"version-history":[{"count":2,"href":"https:\/\/www.ilmaggiodiaccettura.it\/index.php?rest_route=\/wp\/v2\/pages\/1894\/revisions"}],"predecessor-version":[{"id":1902,"href":"https:\/\/www.ilmaggiodiaccettura.it\/index.php?rest_route=\/wp\/v2\/pages\/1894\/revisions\/1902"}],"wp:attachment":[{"href":"https:\/\/www.ilmaggiodiaccettura.it\/index.php?rest_route=%2Fwp%2Fv2%2Fmedia&parent=1894"}],"curies":[{"name":"wp","href":"https:\/\/api.w.org\/{rel}","templated":true}]}}