{"id":1815,"date":"2024-12-27T08:32:11","date_gmt":"2024-12-27T08:32:11","guid":{"rendered":"https:\/\/maggio.accesoft.it\/?page_id=1815"},"modified":"2024-12-27T11:58:24","modified_gmt":"2024-12-27T11:58:24","slug":"san-giuliano-ok","status":"publish","type":"page","link":"https:\/\/www.ilmaggiodiaccettura.it\/?page_id=1815","title":{"rendered":"San Giuliano ok"},"content":{"rendered":"<div data-colibri-id=\"1815-c1\" class=\"style-2452 style-local-1815-c1 position-relative\">\n  <!---->\n  <div data-colibri-component=\"section\" data-colibri-id=\"1815-c2\" id=\"cta\" class=\"h-section h-section-global-spacing d-flex align-items-lg-center align-items-md-center align-items-center style-2453 style-local-1815-c2 position-relative\">\n    <!---->\n    <!---->\n    <div class=\"h-section-grid-container h-section-boxed-container\">\n      <!---->\n      <div data-colibri-id=\"1815-c3\" class=\"h-row-container gutters-row-lg-2 gutters-row-md-2 gutters-row-0 gutters-row-v-lg-2 gutters-row-v-md-2 gutters-row-v-2 style-2454 style-local-1815-c3 position-relative\">\n        <!---->\n        <div class=\"h-row justify-content-lg-center justify-content-md-center justify-content-center align-items-lg-stretch align-items-md-stretch align-items-stretch gutters-col-lg-2 gutters-col-md-2 gutters-col-0 gutters-col-v-lg-2 gutters-col-v-md-2 gutters-col-v-2\">\n          <!---->\n          <div class=\"h-column h-column-container d-flex h-col-lg-auto h-col-md-auto h-col-auto style-2455-outer style-local-1815-c4-outer\">\n            <div data-colibri-id=\"1815-c4\" class=\"d-flex h-flex-basis h-column__inner h-px-lg-2 h-px-md-2 h-px-2 v-inner-lg-2 v-inner-md-2 v-inner-2 style-2455 style-local-1815-c4 position-relative\">\n              <!---->\n              <!---->\n              <div class=\"w-100 h-y-container h-column__content h-column__v-align flex-basis-100 align-self-lg-start align-self-md-start align-self-start\">\n                <!---->\n                <div data-colibri-id=\"1815-c5\" class=\"h-global-transition-all h-heading style-2456 style-local-1815-c5 position-relative h-element\">\n                  <!---->\n                  <div class=\"h-heading__outer style-2456 style-local-1815-c5\">\n                    <!---->\n                    <!---->\n                    <h1 class=\"\">San Giuliano<\/h1>\n                  <\/div>\n                <\/div>\n              <\/div>\n            <\/div>\n          <\/div>\n        <\/div>\n      <\/div>\n      <div data-colibri-id=\"1815-c9\" class=\"h-row-container gutters-row-lg-3 gutters-row-md-3 gutters-row-0 gutters-row-v-lg-3 gutters-row-v-md-3 gutters-row-v-3 style-2460 style-local-1815-c9 position-relative\">\n        <!---->\n        <div class=\"h-row justify-content-lg-center justify-content-md-center justify-content-center align-items-lg-stretch align-items-md-stretch align-items-stretch gutters-col-lg-3 gutters-col-md-3 gutters-col-0 gutters-col-v-lg-3 gutters-col-v-md-3 gutters-col-v-3\">\n          <!---->\n          <div class=\"h-column h-column-container d-flex h-col-lg-4 h-col-md-4 h-col-12 style-2461-outer style-local-1815-c10-outer\">\n            <div data-colibri-id=\"1815-c10\" class=\"d-flex h-flex-basis h-column__inner h-ui-empty-state-container h-px-lg-0 h-px-md-0 h-px-2 v-inner-lg-0 v-inner-md-0 v-inner-2 style-2461 style-local-1815-c10 position-relative\">\n              <!---->\n              <!---->\n              <div class=\"w-100 h-y-container h-column__content h-column__v-align flex-basis-100\">\n                <!---->\n              <\/div>\n            <\/div>\n          <\/div>\n        <\/div>\n      <\/div>\n    <\/div>\n  <\/div>\n  <div data-colibri-component=\"section\" data-colibri-id=\"1815-c11\" id=\"initial-content\" class=\"h-section h-section-global-spacing d-flex align-items-lg-center align-items-md-center align-items-center style-2462 style-local-1815-c11 position-relative\">\n    <!---->\n    <!---->\n    <div class=\"h-section-grid-container h-section-boxed-container\">\n      <!---->\n      <div data-colibri-id=\"1815-c12\" class=\"h-row-container gutters-row-lg-2 gutters-row-md-2 gutters-row-0 gutters-row-v-lg-2 gutters-row-v-md-2 gutters-row-v-2 style-2463 style-local-1815-c12 position-relative\">\n        <!---->\n        <div class=\"h-row justify-content-lg-center justify-content-md-center justify-content-center align-items-lg-stretch align-items-md-stretch align-items-stretch gutters-col-lg-2 gutters-col-md-2 gutters-col-0 gutters-col-v-lg-2 gutters-col-v-md-2 gutters-col-v-2\">\n          <!---->\n          <div class=\"h-column h-column-container d-flex h-col-lg-auto h-col-md-auto h-col-auto style-2464-outer style-local-1815-c13-outer\">\n            <div data-colibri-id=\"1815-c13\" class=\"d-flex h-flex-basis h-column__inner h-px-lg-2 h-px-md-2 h-px-2 v-inner-lg-2 v-inner-md-2 v-inner-2 style-2464 style-local-1815-c13 position-relative\">\n              <!---->\n              <!---->\n              <div class=\"w-100 h-y-container h-column__content h-column__v-align flex-basis-100 align-self-lg-start align-self-md-start align-self-start\">\n                <!---->\n                <div data-colibri-id=\"1815-c14\" class=\"h-divider style-2465 style-local-1815-c14 position-relative h-element\">\n                  <!----><span class=\"h-divider__line style-2465-line style-local-1815-c14-line style-2465-line style-local-1815-c14-line\"><\/span> <span class=\"h-svg-icon h-divider__icon style-2465-icon style-local-1815-c14-icon\"><!--Icon by Font Awesome (https:\/\/fontawesome.com)-->\n    <svg version=\"1.1\" xmlns=\"http:\/\/www.w3.org\/2000\/svg\" xmlns:xlink=\"http:\/\/www.w3.org\/1999\/xlink\" id=\"leaf\" viewBox=\"0 0 1792 1896.0833\">\n      <path d=\"M1280 704q0-26-19-45t-45-19q-172 0-318 49.5t-259.5 134T403 1043q-19 21-19 45 0 26 19 45t45 19q24 0 45-19 27-24 74-71t67-66q137-124 268.5-176t313.5-52q26 0 45-19t19-45zm512-198q0 95-20 193-46 224-184.5 383T1230 1350q-214 108-438 108-148 0-286-47-15-5-88-42t-96-37q-16 0-39.5 32t-45 70-52.5 70-60 32q-43 0-63.5-17.5T16 1459q-2-4-6-11t-5.5-10-3-9.5T0 1415q0-35 31-73.5t68-65.5 68-56 31-48q0-4-14-38t-16-44q-9-51-9-104 0-115 43.5-220t119-184.5 170.5-139T696 347q55-18 145-25.5t179.5-9 178.5-6 163.5-24T1476 226l29.5-29.5 29.5-28 27-20 36.5-16 43.5-4.5q39 0 70.5 46t47.5 112 24 124 8 96z\"><\/path>\n    <\/svg><\/span> <span class=\"h-divider__line style-2465-line style-local-1815-c14-line style-2465-line style-local-1815-c14-line\"><\/span><\/div>\n              <\/div>\n            <\/div>\n          <\/div>\n        <\/div>\n      <\/div>\n      <div data-colibri-id=\"1815-c15\" class=\"h-row-container gutters-row-lg-2 gutters-row-md-2 gutters-row-0 gutters-row-v-lg-2 gutters-row-v-md-2 gutters-row-v-2 style-2466 style-local-1815-c15 position-relative\">\n        <!---->\n        <div class=\"h-row justify-content-lg-center justify-content-md-center justify-content-center align-items-lg-stretch align-items-md-stretch align-items-stretch gutters-col-lg-2 gutters-col-md-2 gutters-col-0 gutters-col-v-lg-2 gutters-col-v-md-2 gutters-col-v-2\">\n          <!---->\n          <div class=\"h-column h-column-container d-flex h-col-lg-auto h-col-md-auto h-col-auto style-2467-outer style-local-1815-c16-outer\">\n            <div data-colibri-id=\"1815-c16\" class=\"d-flex h-flex-basis h-column__inner h-px-lg-2 h-px-md-2 h-px-2 v-inner-lg-2 v-inner-md-2 v-inner-2 style-2467 style-local-1815-c16 position-relative\">\n              <!---->\n              <!---->\n              <div class=\"w-100 h-y-container h-column__content h-column__v-align flex-basis-100 align-self-lg-start align-self-md-start align-self-start\">\n                <!---->\n                <div data-colibri-id=\"1815-c17\" class=\"h-text h-text-component style-2468 style-local-1815-c17 position-relative h-element\">\n                  <!---->\n                  <!---->\n                  <div class=\"\">\n                    <p><strong>San Giuliano<\/strong>, giovane cristiano originario della Dalmazia, visse sotto l\u2019imperatore Antonino Pio (138-161 d.C.). Convertitosi al cristianesimo, fu catturato nei pressi di Sora durante un pellegrinaggio verso la tomba\n                      dei Santi Pietro e Paolo. Dopo vari interrogatori e torture inflitte dal proconsole Flaviano, tra cui la flagellazione e l\u2019uso dell\u2019aculeo, Giuliano resistette, sostenuto dalla fede. Quando il tempio della dea Serapide croll\u00f2 improvvisamente,\n                      molti attribuirono l\u2019evento alla sua determinazione. Tuttavia, Giuliano fu decapitato presso i ruderi del tempio. <strong>Era il 27 gennaio dell&#8217;anno 161<\/strong>. Le sue reliquie furono inizialmente conservate nelle catacombe di\n                      Sora. Nel 1612, le reliquie furono ritrovate nel luogo del martirio e trasferite nella Chiesa di Santo Spirito a Sora il 6 aprile 1614, grazie alla duchessa Costanza Sforza Boncompagni. <strong>Da qui il culto di San Giuliano si diffuse, giungendo ad Accettura nel 1725, quando il santo divenne protettore del paese.<\/strong><\/p>\n                  <\/div>\n                <\/div>\n              <\/div>\n            <\/div>\n          <\/div>\n          <div class=\"h-column h-column-container d-flex h-col-lg-auto h-col-md-auto h-col-auto style-2469-outer style-local-1815-c18-outer\">\n            <div data-colibri-id=\"1815-c18\" class=\"d-flex h-flex-basis h-column__inner h-px-lg-2 h-px-md-2 h-px-2 v-inner-lg-2 v-inner-md-2 v-inner-2 style-2469 style-local-1815-c18 position-relative\">\n              <!---->\n              <!---->\n              <div class=\"w-100 h-y-container h-column__content h-column__v-align flex-basis-100 align-self-lg-start align-self-md-start align-self-start\">\n                <!---->\n                <div data-colibri-id=\"1815-c19\" class=\"d-block style-2470 style-local-1815-c19 position-relative h-element\">\n                  <!---->\n                  <div class=\"h-image__frame-container-outer\">\n                    <div class=\"h-image__frame-container\">\n                      <!---->\n                      <!---->\n                      <img loading=\"lazy\" decoding=\"async\" width=\"755\" height=\"500\" src=\"https:\/\/www.ilmaggiodiaccettura.it\/wp-content\/uploads\/2024\/12\/ICCD3490164_H002WV41-1.png\" class=\"wp-image-1818 style-2470-image style-local-1815-c19-image\" alt=\"\" srcset=\"https:\/\/www.ilmaggiodiaccettura.it\/wp-content\/uploads\/2024\/12\/ICCD3490164_H002WV41-1.png 755w, https:\/\/www.ilmaggiodiaccettura.it\/wp-content\/uploads\/2024\/12\/ICCD3490164_H002WV41-1-300x199.png 300w\" sizes=\"auto, (max-width: 755px) 100vw, 755px\" \/>\n                      <div class=\"h-image__frame h-hide-lg h-hide-md h-hide-sm style-2470-frameImage style-local-1815-c19-frameImage\"><\/div>\n                    <\/div>\n                  <\/div>\n                <\/div>\n                <div data-colibri-id=\"1815-c20\" class=\"h-text h-text-component style-2471 style-local-1815-c20 position-relative h-element\">\n                  <!---->\n                  <!---->\n                  <div class=\"\">\n                    <p>Reliquiario a busto&nbsp;<\/p>\n                  <\/div>\n                <\/div>\n              <\/div>\n            <\/div>\n          <\/div>\n        <\/div>\n      <\/div>\n      <div data-colibri-id=\"1815-c21\" class=\"h-row-container gutters-row-lg-2 gutters-row-md-2 gutters-row-0 gutters-row-v-lg-2 gutters-row-v-md-2 gutters-row-v-2 style-2472 style-local-1815-c21 position-relative\">\n        <!---->\n        <div class=\"h-row justify-content-lg-center justify-content-md-center justify-content-center align-items-lg-stretch align-items-md-stretch align-items-stretch gutters-col-lg-2 gutters-col-md-2 gutters-col-0 gutters-col-v-lg-2 gutters-col-v-md-2 gutters-col-v-2\">\n          <!---->\n          <div class=\"h-column h-column-container d-flex h-col-lg-auto h-col-md-auto h-col-auto style-2473-outer style-local-1815-c22-outer\">\n            <div data-colibri-id=\"1815-c22\" class=\"d-flex h-flex-basis h-column__inner h-px-lg-2 h-px-md-2 h-px-2 v-inner-lg-2 v-inner-md-2 v-inner-2 style-2473 style-local-1815-c22 position-relative\">\n              <!---->\n              <!---->\n              <div class=\"w-100 h-y-container h-column__content h-column__v-align flex-basis-100 align-self-lg-start align-self-md-start align-self-start\">\n                <!---->\n                <div data-colibri-id=\"1815-c23\" class=\"h-text h-text-component style-2474 style-local-1815-c23 position-relative h-element\">\n                  <!---->\n                  <!---->\n                  <div class=\"\">\n                    <p>Nel 1744, la visita pastorale di Mons. Zavarrone document\u00f2 l\u2019esistenza di una statua lignea del santo, un altare a lui dedicato e una reliquia custodita in una teca argentata, elementi che testimoniavano una crescente devozione. Gi\u00e0\n                      in quel periodo si celebrava una festa esterna in onore del protettore, gestita da un procuratore nominato pubblicamente. Nel 1796, Mons. Fortunato Pinto, durante una visita pastorale, <strong>riscontr\u00f2 l\u2019assenza di una pergamena che attestasse l\u2019autenticit\u00e0 della reliquia<\/strong>.\n                      In risposta, l\u2019arciprete Giuseppe Nicola Spagna si attiv\u00f2 per ottenerla, inviando un sacerdote a Sora. <strong>Grazie a Fra Berardino Cifuni,<\/strong> cappellano regio di Sora e gi\u00e0 legato ad Accettura, l\u2019autentica fu rilasciata<strong> il 29 aprile 1797<\/strong>.\n                      Questo documento rafforz\u00f2 la devozione e trasform\u00f2 la festa di San Giuliano in un simbolo di rivincita verso lo scetticismo del vescovo.<\/p>\n                    <p><strong style=\"font-size: 16px; font-family: Roboto; color: rgb(37, 41, 42);\">L\u2019arrivo della reliquia autenticata coincise con la festa dell\u2019albero<\/strong><span style=\"font-size: 16px; font-family: Roboto; color: rgb(37, 41, 42); font-weight: 400;\">, celebrata in primavera, probabilmente durante l\u2019Ascensione (25 maggio) o la Pentecoste (4 giugno), unendo definitivamente il culto del Protettore al rito del Maggio. Il Maggio di Accettura, una celebrazione legata alla fertilit\u00e0 e alla natura, trov\u00f2 cos\u00ec un nuovo significato, intrecciandosi con la festa religiosa. La celebrazione vede l\u2019innalzamento di un grande albero, simbolo di vita e rigenerazione, trasportato da una comunit\u00e0 che collabora per rendere omaggio al santo.&nbsp;<\/span>\n                      <strong\n                        style=\"font-size: 16px; font-family: Roboto; color: rgb(37, 41, 42);\">Durante il Centenario del 1897, questa fusione tra culto religioso e tradizione pagana fu ribadita, consolidando l\u2019identit\u00e0 culturale di Accettura e rafforzando il legame tra San Giuliano e il rito dell\u2019albero.<\/strong>\n                    <\/p>\n                  <\/div>\n                <\/div>\n              <\/div>\n            <\/div>\n          <\/div>\n          <div class=\"h-column h-column-container d-flex h-col-lg-auto h-col-md-auto h-col-auto style-2475-outer style-local-1815-c24-outer\">\n            <div data-colibri-id=\"1815-c24\" class=\"d-flex h-flex-basis h-column__inner h-px-lg-2 h-px-md-2 h-px-2 v-inner-lg-2 v-inner-md-2 v-inner-2 style-2475 style-local-1815-c24 position-relative\">\n              <!---->\n              <!---->\n              <div class=\"w-100 h-y-container h-column__content h-column__v-align flex-basis-100 align-self-lg-start align-self-md-start align-self-start\">\n                <!---->\n                <div data-colibri-id=\"1815-c25\" class=\"d-block style-2476 style-local-1815-c25 position-relative h-element\">\n                  <!---->\n                  <div class=\"h-image__frame-container-outer\">\n                    <div class=\"h-image__frame-container\">\n                      <!---->\n                      <!---->\n                      <img loading=\"lazy\" decoding=\"async\" width=\"755\" height=\"1000\" src=\"https:\/\/www.ilmaggiodiaccettura.it\/wp-content\/uploads\/2024\/12\/Senza-titolo-1_Tavola-disegno-1-2.png\" class=\"wp-image-1820 style-2476-image style-local-1815-c25-image\" alt=\"\" srcset=\"https:\/\/www.ilmaggiodiaccettura.it\/wp-content\/uploads\/2024\/12\/Senza-titolo-1_Tavola-disegno-1-2.png 755w, https:\/\/www.ilmaggiodiaccettura.it\/wp-content\/uploads\/2024\/12\/Senza-titolo-1_Tavola-disegno-1-2-227x300.png 227w\" sizes=\"auto, (max-width: 755px) 100vw, 755px\" \/>\n                      <div class=\"h-image__frame h-hide-lg h-hide-md h-hide-sm style-2476-frameImage style-local-1815-c25-frameImage\"><\/div>\n                    <\/div>\n                  <\/div>\n                <\/div>\n                <div data-colibri-id=\"1815-c26\" class=\"h-text h-text-component style-2477 style-local-1815-c26 position-relative h-element\">\n                  <!---->\n                  <!---->\n                  <div class=\"\">\n                    <p><em style=\"color: rgb(37, 41, 42); font-family: &quot;Playfair Display&quot;; font-size: 11px; font-weight: 400;\">Foto di Giovanni Lancillotto<\/em><\/p>\n                  <\/div>\n                <\/div>\n              <\/div>\n            <\/div>\n          <\/div>\n        <\/div>\n      <\/div>\n      <div data-colibri-id=\"1815-c33\" class=\"h-row-container gutters-row-lg-2 gutters-row-md-2 gutters-row-0 gutters-row-v-lg-2 gutters-row-v-md-2 gutters-row-v-2 style-2484 style-local-1815-c33 position-relative\">\n        <!---->\n        <div class=\"h-row justify-content-lg-center justify-content-md-center justify-content-center align-items-lg-stretch align-items-md-stretch align-items-stretch gutters-col-lg-2 gutters-col-md-2 gutters-col-0 gutters-col-v-lg-2 gutters-col-v-md-2 gutters-col-v-2\">\n          <!---->\n          <div class=\"h-column h-column-container d-flex h-col-lg-auto h-col-md-auto h-col-auto style-2485-outer style-local-1815-c34-outer\">\n            <div data-colibri-id=\"1815-c34\" class=\"d-flex h-flex-basis h-column__inner h-px-lg-2 h-px-md-2 h-px-2 v-inner-lg-2 v-inner-md-2 v-inner-2 style-2485 style-local-1815-c34 position-relative\">\n              <!---->\n              <!---->\n              <div class=\"w-100 h-y-container h-column__content h-column__v-align flex-basis-100 align-self-lg-start align-self-md-start align-self-start\">\n                <!---->\n                <div data-colibri-id=\"1815-c35\" class=\"h-divider style-2486 style-local-1815-c35 position-relative h-element\">\n                  <!----><span class=\"h-divider__line style-2486-line style-local-1815-c35-line style-2486-line style-local-1815-c35-line\"><\/span> <span class=\"h-svg-icon h-divider__icon style-2486-icon style-local-1815-c35-icon\"><!--Icon by Font Awesome (https:\/\/fontawesome.com)-->\n    <svg version=\"1.1\" xmlns=\"http:\/\/www.w3.org\/2000\/svg\" xmlns:xlink=\"http:\/\/www.w3.org\/1999\/xlink\" id=\"leaf\" viewBox=\"0 0 1792 1896.0833\">\n      <path d=\"M1280 704q0-26-19-45t-45-19q-172 0-318 49.5t-259.5 134T403 1043q-19 21-19 45 0 26 19 45t45 19q24 0 45-19 27-24 74-71t67-66q137-124 268.5-176t313.5-52q26 0 45-19t19-45zm512-198q0 95-20 193-46 224-184.5 383T1230 1350q-214 108-438 108-148 0-286-47-15-5-88-42t-96-37q-16 0-39.5 32t-45 70-52.5 70-60 32q-43 0-63.5-17.5T16 1459q-2-4-6-11t-5.5-10-3-9.5T0 1415q0-35 31-73.5t68-65.5 68-56 31-48q0-4-14-38t-16-44q-9-51-9-104 0-115 43.5-220t119-184.5 170.5-139T696 347q55-18 145-25.5t179.5-9 178.5-6 163.5-24T1476 226l29.5-29.5 29.5-28 27-20 36.5-16 43.5-4.5q39 0 70.5 46t47.5 112 24 124 8 96z\"><\/path>\n    <\/svg><\/span> <span class=\"h-divider__line style-2486-line style-local-1815-c35-line style-2486-line style-local-1815-c35-line\"><\/span><\/div>\n              <\/div>\n            <\/div>\n          <\/div>\n        <\/div>\n      <\/div>\n    <\/div>\n  <\/div>\n<\/div>","protected":false},"excerpt":{"rendered":"<p>San Giuliano San Giuliano, giovane cristiano originario della Dalmazia, visse sotto l\u2019imperatore Antonino [&hellip;]<\/p>\n","protected":false},"author":1,"featured_media":0,"parent":0,"menu_order":0,"comment_status":"closed","ping_status":"closed","template":"page-templates\/full-width-page.php","meta":{"footnotes":""},"class_list":["post-1815","page","type-page","status-publish","hentry"],"jetpack_sharing_enabled":true,"_links":{"self":[{"href":"https:\/\/www.ilmaggiodiaccettura.it\/index.php?rest_route=\/wp\/v2\/pages\/1815","targetHints":{"allow":["GET"]}}],"collection":[{"href":"https:\/\/www.ilmaggiodiaccettura.it\/index.php?rest_route=\/wp\/v2\/pages"}],"about":[{"href":"https:\/\/www.ilmaggiodiaccettura.it\/index.php?rest_route=\/wp\/v2\/types\/page"}],"author":[{"embeddable":true,"href":"https:\/\/www.ilmaggiodiaccettura.it\/index.php?rest_route=\/wp\/v2\/users\/1"}],"replies":[{"embeddable":true,"href":"https:\/\/www.ilmaggiodiaccettura.it\/index.php?rest_route=%2Fwp%2Fv2%2Fcomments&post=1815"}],"version-history":[{"count":4,"href":"https:\/\/www.ilmaggiodiaccettura.it\/index.php?rest_route=\/wp\/v2\/pages\/1815\/revisions"}],"predecessor-version":[{"id":1859,"href":"https:\/\/www.ilmaggiodiaccettura.it\/index.php?rest_route=\/wp\/v2\/pages\/1815\/revisions\/1859"}],"wp:attachment":[{"href":"https:\/\/www.ilmaggiodiaccettura.it\/index.php?rest_route=%2Fwp%2Fv2%2Fmedia&parent=1815"}],"curies":[{"name":"wp","href":"https:\/\/api.w.org\/{rel}","templated":true}]}}