{"id":1615,"date":"2024-12-26T21:29:03","date_gmt":"2024-12-26T21:29:03","guid":{"rendered":"https:\/\/maggio.accesoft.it\/?page_id=1615"},"modified":"2024-12-26T21:38:14","modified_gmt":"2024-12-26T21:38:14","slug":"i-santi-giovanni-e-paolo","status":"publish","type":"page","link":"https:\/\/www.ilmaggiodiaccettura.it\/?page_id=1615","title":{"rendered":"I santi Giovanni e Paolo"},"content":{"rendered":"<div data-colibri-id=\"1615-c1\" class=\"style-2296 style-local-1615-c1 position-relative\">\n  <!---->\n  <div data-colibri-component=\"section\" data-colibri-id=\"1615-c2\" id=\"cta\" class=\"h-section h-section-global-spacing d-flex align-items-lg-center align-items-md-center align-items-center style-2297 style-local-1615-c2 position-relative\">\n    <!---->\n    <!---->\n    <div class=\"h-section-grid-container h-section-boxed-container\">\n      <!---->\n      <div data-colibri-id=\"1615-c3\" class=\"h-row-container gutters-row-lg-2 gutters-row-md-2 gutters-row-0 gutters-row-v-lg-2 gutters-row-v-md-2 gutters-row-v-2 style-2298 style-local-1615-c3 position-relative\">\n        <!---->\n        <div class=\"h-row justify-content-lg-center justify-content-md-center justify-content-center align-items-lg-stretch align-items-md-stretch align-items-stretch gutters-col-lg-2 gutters-col-md-2 gutters-col-0 gutters-col-v-lg-2 gutters-col-v-md-2 gutters-col-v-2\">\n          <!---->\n          <div class=\"h-column h-column-container d-flex h-col-lg-auto h-col-md-auto h-col-auto style-2299-outer style-local-1615-c4-outer\">\n            <div data-colibri-id=\"1615-c4\" class=\"d-flex h-flex-basis h-column__inner h-px-lg-2 h-px-md-2 h-px-2 v-inner-lg-2 v-inner-md-2 v-inner-2 style-2299 style-local-1615-c4 position-relative\">\n              <!---->\n              <!---->\n              <div class=\"w-100 h-y-container h-column__content h-column__v-align flex-basis-100 align-self-lg-start align-self-md-start align-self-start\">\n                <!---->\n                <div data-colibri-id=\"1615-c5\" class=\"h-global-transition-all h-heading style-2300 style-local-1615-c5 position-relative h-element\">\n                  <!---->\n                  <div class=\"h-heading__outer style-2300 style-local-1615-c5\">\n                    <!---->\n                    <!---->\n                    <h1 class=\"\">I santi Giovanni e Paolo<\/h1>\n                  <\/div>\n                <\/div>\n              <\/div>\n            <\/div>\n          <\/div>\n        <\/div>\n      <\/div>\n      <div data-colibri-id=\"1615-c9\" class=\"h-row-container gutters-row-lg-3 gutters-row-md-3 gutters-row-0 gutters-row-v-lg-3 gutters-row-v-md-3 gutters-row-v-3 style-2304 style-local-1615-c9 position-relative\">\n        <!---->\n        <div class=\"h-row justify-content-lg-center justify-content-md-center justify-content-center align-items-lg-stretch align-items-md-stretch align-items-stretch gutters-col-lg-3 gutters-col-md-3 gutters-col-0 gutters-col-v-lg-3 gutters-col-v-md-3 gutters-col-v-3\">\n          <!---->\n          <div class=\"h-column h-column-container d-flex h-col-lg-4 h-col-md-4 h-col-12 style-2305-outer style-local-1615-c10-outer\">\n            <div data-colibri-id=\"1615-c10\" class=\"d-flex h-flex-basis h-column__inner h-ui-empty-state-container h-px-lg-0 h-px-md-0 h-px-2 v-inner-lg-0 v-inner-md-0 v-inner-2 style-2305 style-local-1615-c10 position-relative\">\n              <!---->\n              <!---->\n              <div class=\"w-100 h-y-container h-column__content h-column__v-align flex-basis-100\">\n                <!---->\n              <\/div>\n            <\/div>\n          <\/div>\n        <\/div>\n      <\/div>\n    <\/div>\n  <\/div>\n  <div data-colibri-component=\"section\" data-colibri-id=\"1615-c11\" id=\"initial-content\" class=\"h-section h-section-global-spacing d-flex align-items-lg-center align-items-md-center align-items-center style-2306 style-local-1615-c11 position-relative\">\n    <!---->\n    <!---->\n    <div class=\"h-section-grid-container h-section-boxed-container\">\n      <!---->\n      <div data-colibri-id=\"1615-c12\" class=\"h-row-container gutters-row-lg-2 gutters-row-md-2 gutters-row-0 gutters-row-v-lg-2 gutters-row-v-md-2 gutters-row-v-2 style-2307 style-local-1615-c12 position-relative\">\n        <!---->\n        <div class=\"h-row justify-content-lg-center justify-content-md-center justify-content-center align-items-lg-stretch align-items-md-stretch align-items-stretch gutters-col-lg-2 gutters-col-md-2 gutters-col-0 gutters-col-v-lg-2 gutters-col-v-md-2 gutters-col-v-2\">\n          <!---->\n          <div class=\"h-column h-column-container d-flex h-col-lg-auto h-col-md-auto h-col-auto style-2308-outer style-local-1615-c13-outer\">\n            <div data-colibri-id=\"1615-c13\" class=\"d-flex h-flex-basis h-column__inner h-px-lg-2 h-px-md-2 h-px-2 v-inner-lg-2 v-inner-md-2 v-inner-2 style-2308 style-local-1615-c13 position-relative\">\n              <!---->\n              <!---->\n              <div class=\"w-100 h-y-container h-column__content h-column__v-align flex-basis-100 align-self-lg-start align-self-md-start align-self-start\">\n                <!---->\n                <div data-colibri-id=\"1615-c14\" class=\"h-divider style-2309 style-local-1615-c14 position-relative h-element\">\n                  <!----><span class=\"h-divider__line style-2309-line style-local-1615-c14-line style-2309-line style-local-1615-c14-line\"><\/span> <span class=\"h-svg-icon h-divider__icon style-2309-icon style-local-1615-c14-icon\"><!--Icon by Font Awesome (https:\/\/fontawesome.com)-->\n    <svg version=\"1.1\" xmlns=\"http:\/\/www.w3.org\/2000\/svg\" xmlns:xlink=\"http:\/\/www.w3.org\/1999\/xlink\" id=\"leaf\" viewBox=\"0 0 1792 1896.0833\">\n      <path d=\"M1280 704q0-26-19-45t-45-19q-172 0-318 49.5t-259.5 134T403 1043q-19 21-19 45 0 26 19 45t45 19q24 0 45-19 27-24 74-71t67-66q137-124 268.5-176t313.5-52q26 0 45-19t19-45zm512-198q0 95-20 193-46 224-184.5 383T1230 1350q-214 108-438 108-148 0-286-47-15-5-88-42t-96-37q-16 0-39.5 32t-45 70-52.5 70-60 32q-43 0-63.5-17.5T16 1459q-2-4-6-11t-5.5-10-3-9.5T0 1415q0-35 31-73.5t68-65.5 68-56 31-48q0-4-14-38t-16-44q-9-51-9-104 0-115 43.5-220t119-184.5 170.5-139T696 347q55-18 145-25.5t179.5-9 178.5-6 163.5-24T1476 226l29.5-29.5 29.5-28 27-20 36.5-16 43.5-4.5q39 0 70.5 46t47.5 112 24 124 8 96z\"><\/path>\n    <\/svg><\/span> <span class=\"h-divider__line style-2309-line style-local-1615-c14-line style-2309-line style-local-1615-c14-line\"><\/span><\/div>\n              <\/div>\n            <\/div>\n          <\/div>\n        <\/div>\n      <\/div>\n      <div data-colibri-id=\"1615-c15\" class=\"h-row-container gutters-row-lg-2 gutters-row-md-2 gutters-row-0 gutters-row-v-lg-2 gutters-row-v-md-2 gutters-row-v-2 style-2310 style-local-1615-c15 position-relative\">\n        <!---->\n        <div class=\"h-row justify-content-lg-center justify-content-md-center justify-content-center align-items-lg-stretch align-items-md-stretch align-items-stretch gutters-col-lg-2 gutters-col-md-2 gutters-col-0 gutters-col-v-lg-2 gutters-col-v-md-2 gutters-col-v-2\">\n          <!---->\n          <div class=\"h-column h-column-container d-flex h-col-lg-auto h-col-md-auto h-col-auto style-2311-outer style-local-1615-c16-outer\">\n            <div data-colibri-id=\"1615-c16\" class=\"d-flex h-flex-basis h-column__inner h-px-lg-2 h-px-md-2 h-px-2 v-inner-lg-2 v-inner-md-2 v-inner-2 style-2311 style-local-1615-c16 position-relative\">\n              <!---->\n              <!---->\n              <div class=\"w-100 h-y-container h-column__content h-column__v-align flex-basis-100 align-self-lg-start align-self-md-start align-self-start\">\n                <!---->\n                <div data-colibri-id=\"1615-c17\" class=\"h-text h-text-component style-2312 style-local-1615-c17 position-relative h-element\">\n                  <!---->\n                  <!---->\n                  <div class=\"\">\n                    <p>Il Luned\u00ec della Festa, giorno in cui le maestranze locali si dedicano alla preparazione del Maggio, \u00e8 segnato anche da un\u2019altra antica tradizione. All\u2019alba, un gruppo di uomini e donne si avvia verso il monte <em>Vaudienne<\/em> per\n                      recuperare e portare in processione il quadro dei <strong>Santi Giovanni e Paolo,<\/strong> custodito nella cappella campestre a loro intitolata. Nella cultura popolare di diverse localit\u00e0 europee, <strong>questi santi sono considerati custodi del clima<\/strong>,\n                      invocati sia per garantire bel tempo sia per scongiurare tempeste. Le origini di questa credenza risalgono al VI-VII secolo. Si racconta che San Gregorio di Tours ottenne da Papa Pelagio (578-590) una reliquia dei Santi Giovanni\n                      e Paolo. Durante il trasporto della sacra reliquia, il diacono incaricato e il suo equipaggio furono sorpresi da una tempesta violentissima, tanto che la nave su cui viaggiavano sembrava destinata ad affondare.&nbsp;<\/p>\n                  <\/div>\n                <\/div>\n              <\/div>\n            <\/div>\n          <\/div>\n          <div class=\"h-column h-column-container d-flex h-col-lg-auto h-col-md-auto h-col-auto style-2313-outer style-local-1615-c18-outer\">\n            <div data-colibri-id=\"1615-c18\" class=\"d-flex h-flex-basis h-column__inner h-px-lg-2 h-px-md-2 h-px-2 v-inner-lg-2 v-inner-md-2 v-inner-2 style-2313 style-local-1615-c18 position-relative\">\n              <!---->\n              <!---->\n              <div class=\"w-100 h-y-container h-column__content h-column__v-align flex-basis-100 align-self-lg-start align-self-md-start align-self-start\">\n                <!---->\n                <div data-colibri-id=\"1615-c19\" class=\"d-block style-2314 style-local-1615-c19 position-relative h-element\">\n                  <!---->\n                  <div class=\"h-image__frame-container-outer\">\n                    <div class=\"h-image__frame-container\">\n                      <!---->\n                      <!---->\n                      <img loading=\"lazy\" decoding=\"async\" width=\"844\" height=\"558\" src=\"https:\/\/www.ilmaggiodiaccettura.it\/wp-content\/uploads\/2024\/12\/Lunedi-3.png\" class=\"wp-image-888 style-2314-image style-local-1615-c19-image\" alt=\"\" srcset=\"https:\/\/www.ilmaggiodiaccettura.it\/wp-content\/uploads\/2024\/12\/Lunedi-3.png 844w, https:\/\/www.ilmaggiodiaccettura.it\/wp-content\/uploads\/2024\/12\/Lunedi-3-300x198.png 300w, https:\/\/www.ilmaggiodiaccettura.it\/wp-content\/uploads\/2024\/12\/Lunedi-3-768x508.png 768w\" sizes=\"auto, (max-width: 844px) 100vw, 844px\" \/>\n                      <div class=\"h-image__frame h-hide-lg h-hide-md h-hide-sm style-2314-frameImage style-local-1615-c19-frameImage\"><\/div>\n                    <\/div>\n                  <\/div>\n                <\/div>\n                <div data-colibri-id=\"1615-c20\" class=\"h-text h-text-component style-2315 style-local-1615-c20 position-relative h-element\">\n                  <!---->\n                  <!---->\n                  <div class=\"\">\n                    <p>Foto di Gianluca De Bartolo<\/p>\n                  <\/div>\n                <\/div>\n              <\/div>\n            <\/div>\n          <\/div>\n        <\/div>\n      <\/div>\n      <div data-colibri-id=\"1615-c21\" class=\"h-row-container gutters-row-lg-2 gutters-row-md-2 gutters-row-0 gutters-row-v-lg-2 gutters-row-v-md-2 gutters-row-v-2 style-2316 style-local-1615-c21 position-relative\">\n        <!---->\n        <div class=\"h-row justify-content-lg-center justify-content-md-center justify-content-center align-items-lg-stretch align-items-md-stretch align-items-stretch gutters-col-lg-2 gutters-col-md-2 gutters-col-0 gutters-col-v-lg-2 gutters-col-v-md-2 gutters-col-v-2\">\n          <!---->\n          <div class=\"h-column h-column-container d-flex h-col-lg-auto h-col-md-auto h-col-auto style-2317-outer style-local-1615-c22-outer\">\n            <div data-colibri-id=\"1615-c22\" class=\"d-flex h-flex-basis h-column__inner h-px-lg-2 h-px-md-2 h-px-2 v-inner-lg-2 v-inner-md-2 v-inner-2 style-2317 style-local-1615-c22 position-relative\">\n              <!---->\n              <!---->\n              <div class=\"w-100 h-y-container h-column__content h-column__v-align flex-basis-100 align-self-lg-start align-self-md-start align-self-start\">\n                <!---->\n                <div data-colibri-id=\"1615-c23\" class=\"h-text h-text-component style-2318 style-local-1615-c23 position-relative h-element\">\n                  <!---->\n                  <!---->\n                  <div class=\"\">\n                    <p>In un atto di fede disperata, il diacono fece un segno della croce con la reliquia, e miracolosamente la tempesta si plac\u00f2 all&#8217;istante, permettendo loro di giungere sani e salvi a destinazione. Questa antica tradizione \u00e8 stata perpetuata\n                      ad Accettura dai frati, i quali, ogni prima domenica di marzo, si recavano processionalmente alla cappella in Vaudienne per chiedere ai Santi Giovanni e Paolo un clima favorevole per i mesi a seguire.<strong> L&#8217;immagine sacra dei santi veniva poi riportata in paese il luned\u00ec successivo alla Pentecoste, per partecipare alla grande processione in onore del Protettore, San Giuliano.<\/strong>                      Cos\u00ec, la giornata di festa non \u00e8 solo un momento di lavoro e preparazione per il Maggio, ma anche un rituale di fede che lega la comunit\u00e0 al suo passato e alla protezione divina invocata per il benessere del raccolto e delle famiglie\n                      del paese.<\/p>\n                  <\/div>\n                <\/div>\n              <\/div>\n            <\/div>\n          <\/div>\n          <div class=\"h-column h-column-container d-flex h-col-lg-auto h-col-md-auto h-col-auto style-2319-outer style-local-1615-c24-outer\">\n            <div data-colibri-id=\"1615-c24\" class=\"d-flex h-flex-basis h-column__inner h-px-lg-2 h-px-md-2 h-px-2 v-inner-lg-2 v-inner-md-2 v-inner-2 style-2319 style-local-1615-c24 position-relative\">\n              <!---->\n              <!---->\n              <div class=\"w-100 h-y-container h-column__content h-column__v-align flex-basis-100 align-self-lg-start align-self-md-start align-self-start\">\n                <!---->\n                <div data-colibri-id=\"1615-c25\" class=\"d-block style-2320 style-local-1615-c25 position-relative h-element\">\n                  <!---->\n                  <div class=\"h-image__frame-container-outer\">\n                    <div class=\"h-image__frame-container\">\n                      <!---->\n                      <!---->\n                      <img loading=\"lazy\" decoding=\"async\" width=\"755\" height=\"500\" src=\"https:\/\/www.ilmaggiodiaccettura.it\/wp-content\/uploads\/2024\/12\/san-giovanni-2_Tavola-disegno-1.png\" class=\"wp-image-1618 style-2320-image style-local-1615-c25-image\" alt=\"\" srcset=\"https:\/\/www.ilmaggiodiaccettura.it\/wp-content\/uploads\/2024\/12\/san-giovanni-2_Tavola-disegno-1.png 755w, https:\/\/www.ilmaggiodiaccettura.it\/wp-content\/uploads\/2024\/12\/san-giovanni-2_Tavola-disegno-1-300x199.png 300w\" sizes=\"auto, (max-width: 755px) 100vw, 755px\" \/>\n                      <div class=\"h-image__frame h-hide-lg h-hide-md h-hide-sm style-2320-frameImage style-local-1615-c25-frameImage\"><\/div>\n                    <\/div>\n                  <\/div>\n                <\/div>\n                <div data-colibri-id=\"1615-c26\" class=\"h-text h-text-component style-2321 style-local-1615-c26 position-relative h-element\">\n                  <!---->\n                  <!---->\n                  <div class=\"\">\n                    <p><em>foto di Andrea Semplici<\/em><\/p>\n                  <\/div>\n                <\/div>\n              <\/div>\n            <\/div>\n          <\/div>\n        <\/div>\n      <\/div>\n      <div data-colibri-id=\"1615-c33\" class=\"h-row-container gutters-row-lg-2 gutters-row-md-2 gutters-row-0 gutters-row-v-lg-2 gutters-row-v-md-2 gutters-row-v-2 style-2328 style-local-1615-c33 position-relative\">\n        <!---->\n        <div class=\"h-row justify-content-lg-center justify-content-md-center justify-content-center align-items-lg-stretch align-items-md-stretch align-items-stretch gutters-col-lg-2 gutters-col-md-2 gutters-col-0 gutters-col-v-lg-2 gutters-col-v-md-2 gutters-col-v-2\">\n          <!---->\n          <div class=\"h-column h-column-container d-flex h-col-lg-auto h-col-md-auto h-col-auto style-2329-outer style-local-1615-c34-outer\">\n            <div data-colibri-id=\"1615-c34\" class=\"d-flex h-flex-basis h-column__inner h-px-lg-2 h-px-md-2 h-px-2 v-inner-lg-2 v-inner-md-2 v-inner-2 style-2329 style-local-1615-c34 position-relative\">\n              <!---->\n              <!---->\n              <div class=\"w-100 h-y-container h-column__content h-column__v-align flex-basis-100 align-self-lg-start align-self-md-start align-self-start\">\n                <!---->\n                <div data-colibri-id=\"1615-c35\" class=\"h-divider style-2330 style-local-1615-c35 position-relative h-element\">\n                  <!----><span class=\"h-divider__line style-2330-line style-local-1615-c35-line style-2330-line style-local-1615-c35-line\"><\/span> <span class=\"h-svg-icon h-divider__icon style-2330-icon style-local-1615-c35-icon\"><!--Icon by Font Awesome (https:\/\/fontawesome.com)-->\n    <svg version=\"1.1\" xmlns=\"http:\/\/www.w3.org\/2000\/svg\" xmlns:xlink=\"http:\/\/www.w3.org\/1999\/xlink\" id=\"leaf\" viewBox=\"0 0 1792 1896.0833\">\n      <path d=\"M1280 704q0-26-19-45t-45-19q-172 0-318 49.5t-259.5 134T403 1043q-19 21-19 45 0 26 19 45t45 19q24 0 45-19 27-24 74-71t67-66q137-124 268.5-176t313.5-52q26 0 45-19t19-45zm512-198q0 95-20 193-46 224-184.5 383T1230 1350q-214 108-438 108-148 0-286-47-15-5-88-42t-96-37q-16 0-39.5 32t-45 70-52.5 70-60 32q-43 0-63.5-17.5T16 1459q-2-4-6-11t-5.5-10-3-9.5T0 1415q0-35 31-73.5t68-65.5 68-56 31-48q0-4-14-38t-16-44q-9-51-9-104 0-115 43.5-220t119-184.5 170.5-139T696 347q55-18 145-25.5t179.5-9 178.5-6 163.5-24T1476 226l29.5-29.5 29.5-28 27-20 36.5-16 43.5-4.5q39 0 70.5 46t47.5 112 24 124 8 96z\"><\/path>\n    <\/svg><\/span> <span class=\"h-divider__line style-2330-line style-local-1615-c35-line style-2330-line style-local-1615-c35-line\"><\/span><\/div>\n              <\/div>\n            <\/div>\n          <\/div>\n        <\/div>\n      <\/div>\n    <\/div>\n  <\/div>\n<\/div>","protected":false},"excerpt":{"rendered":"<p>I santi Giovanni e Paolo Il Luned\u00ec della Festa, giorno in cui le [&hellip;]<\/p>\n","protected":false},"author":1,"featured_media":0,"parent":0,"menu_order":0,"comment_status":"closed","ping_status":"closed","template":"page-templates\/full-width-page.php","meta":{"footnotes":""},"class_list":["post-1615","page","type-page","status-publish","hentry"],"jetpack_sharing_enabled":true,"_links":{"self":[{"href":"https:\/\/www.ilmaggiodiaccettura.it\/index.php?rest_route=\/wp\/v2\/pages\/1615","targetHints":{"allow":["GET"]}}],"collection":[{"href":"https:\/\/www.ilmaggiodiaccettura.it\/index.php?rest_route=\/wp\/v2\/pages"}],"about":[{"href":"https:\/\/www.ilmaggiodiaccettura.it\/index.php?rest_route=\/wp\/v2\/types\/page"}],"author":[{"embeddable":true,"href":"https:\/\/www.ilmaggiodiaccettura.it\/index.php?rest_route=\/wp\/v2\/users\/1"}],"replies":[{"embeddable":true,"href":"https:\/\/www.ilmaggiodiaccettura.it\/index.php?rest_route=%2Fwp%2Fv2%2Fcomments&post=1615"}],"version-history":[{"count":2,"href":"https:\/\/www.ilmaggiodiaccettura.it\/index.php?rest_route=\/wp\/v2\/pages\/1615\/revisions"}],"predecessor-version":[{"id":1621,"href":"https:\/\/www.ilmaggiodiaccettura.it\/index.php?rest_route=\/wp\/v2\/pages\/1615\/revisions\/1621"}],"wp:attachment":[{"href":"https:\/\/www.ilmaggiodiaccettura.it\/index.php?rest_route=%2Fwp%2Fv2%2Fmedia&parent=1615"}],"curies":[{"name":"wp","href":"https:\/\/api.w.org\/{rel}","templated":true}]}}