{"id":1556,"date":"2024-12-26T17:10:19","date_gmt":"2024-12-26T17:10:19","guid":{"rendered":"https:\/\/maggio.accesoft.it\/?page_id=1556"},"modified":"2024-12-26T18:40:09","modified_gmt":"2024-12-26T18:40:09","slug":"le-cente","status":"publish","type":"page","link":"https:\/\/www.ilmaggiodiaccettura.it\/?page_id=1556","title":{"rendered":"Le Cente"},"content":{"rendered":"<div data-colibri-id=\"1556-c1\" class=\"style-2241 style-local-1556-c1 position-relative\">\n  <!---->\n  <div data-colibri-component=\"section\" data-colibri-id=\"1556-c2\" id=\"cta\" class=\"h-section h-section-global-spacing d-flex align-items-lg-center align-items-md-center align-items-center style-2242 style-local-1556-c2 position-relative\">\n    <!---->\n    <!---->\n    <div class=\"h-section-grid-container h-section-boxed-container\">\n      <!---->\n      <div data-colibri-id=\"1556-c3\" class=\"h-row-container gutters-row-lg-2 gutters-row-md-2 gutters-row-0 gutters-row-v-lg-2 gutters-row-v-md-2 gutters-row-v-2 style-2243 style-local-1556-c3 position-relative\">\n        <!---->\n        <div class=\"h-row justify-content-lg-center justify-content-md-center justify-content-center align-items-lg-stretch align-items-md-stretch align-items-stretch gutters-col-lg-2 gutters-col-md-2 gutters-col-0 gutters-col-v-lg-2 gutters-col-v-md-2 gutters-col-v-2\">\n          <!---->\n          <div class=\"h-column h-column-container d-flex h-col-lg-auto h-col-md-auto h-col-auto style-2244-outer style-local-1556-c4-outer\">\n            <div data-colibri-id=\"1556-c4\" class=\"d-flex h-flex-basis h-column__inner h-px-lg-2 h-px-md-2 h-px-2 v-inner-lg-2 v-inner-md-2 v-inner-2 style-2244 style-local-1556-c4 position-relative\">\n              <!---->\n              <!---->\n              <div class=\"w-100 h-y-container h-column__content h-column__v-align flex-basis-100 align-self-lg-start align-self-md-start align-self-start\">\n                <!---->\n                <div data-colibri-id=\"1556-c5\" class=\"h-global-transition-all h-heading style-2245 style-local-1556-c5 position-relative h-element\">\n                  <!---->\n                  <div class=\"h-heading__outer style-2245 style-local-1556-c5\">\n                    <!---->\n                    <!---->\n                    <h1 class=\"\">Le Cente<\/h1>\n                  <\/div>\n                <\/div>\n              <\/div>\n            <\/div>\n          <\/div>\n        <\/div>\n      <\/div>\n      <div data-colibri-id=\"1556-c6\" class=\"h-row-container gutters-row-lg-3 gutters-row-md-3 gutters-row-0 gutters-row-v-lg-3 gutters-row-v-md-3 gutters-row-v-3 style-2249 style-local-1556-c6 position-relative\">\n        <!---->\n        <div class=\"h-row justify-content-lg-center justify-content-md-center justify-content-center align-items-lg-stretch align-items-md-stretch align-items-stretch gutters-col-lg-3 gutters-col-md-3 gutters-col-0 gutters-col-v-lg-3 gutters-col-v-md-3 gutters-col-v-3\">\n          <!---->\n          <div class=\"h-column h-column-container d-flex h-col-lg-4 h-col-md-4 h-col-12 style-2250-outer style-local-1556-c7-outer\">\n            <div data-colibri-id=\"1556-c7\" class=\"d-flex h-flex-basis h-column__inner h-ui-empty-state-container h-px-lg-0 h-px-md-0 h-px-2 v-inner-lg-0 v-inner-md-0 v-inner-2 style-2250 style-local-1556-c7 position-relative\">\n              <!---->\n              <!---->\n              <div class=\"w-100 h-y-container h-column__content h-column__v-align flex-basis-100\">\n                <!---->\n              <\/div>\n            <\/div>\n          <\/div>\n        <\/div>\n      <\/div>\n    <\/div>\n  <\/div>\n  <div data-colibri-component=\"section\" data-colibri-id=\"1556-c8\" id=\"initial-content\" class=\"h-section h-section-global-spacing d-flex align-items-lg-center align-items-md-center align-items-center style-2251 style-local-1556-c8 position-relative\">\n    <!---->\n    <!---->\n    <div class=\"h-section-grid-container h-section-boxed-container\">\n      <!---->\n      <div data-colibri-id=\"1556-c9\" class=\"h-row-container gutters-row-lg-2 gutters-row-md-2 gutters-row-0 gutters-row-v-lg-2 gutters-row-v-md-2 gutters-row-v-2 style-2252 style-local-1556-c9 position-relative\">\n        <!---->\n        <div class=\"h-row justify-content-lg-center justify-content-md-center justify-content-center align-items-lg-stretch align-items-md-stretch align-items-stretch gutters-col-lg-2 gutters-col-md-2 gutters-col-0 gutters-col-v-lg-2 gutters-col-v-md-2 gutters-col-v-2\">\n          <!---->\n          <div class=\"h-column h-column-container d-flex h-col-lg-auto h-col-md-auto h-col-auto style-2253-outer style-local-1556-c10-outer\">\n            <div data-colibri-id=\"1556-c10\" class=\"d-flex h-flex-basis h-column__inner h-px-lg-2 h-px-md-2 h-px-2 v-inner-lg-2 v-inner-md-2 v-inner-2 style-2253 style-local-1556-c10 position-relative\">\n              <!---->\n              <!---->\n              <div class=\"w-100 h-y-container h-column__content h-column__v-align flex-basis-100 align-self-lg-start align-self-md-start align-self-start\">\n                <!---->\n                <div data-colibri-id=\"1556-c11\" class=\"h-divider style-2254 style-local-1556-c11 position-relative h-element\">\n                  <!----><span class=\"h-divider__line style-2254-line style-local-1556-c11-line style-2254-line style-local-1556-c11-line\"><\/span> <span class=\"h-svg-icon h-divider__icon style-2254-icon style-local-1556-c11-icon\"><!--Icon by Font Awesome (https:\/\/fontawesome.com)-->\n    <svg version=\"1.1\" xmlns=\"http:\/\/www.w3.org\/2000\/svg\" xmlns:xlink=\"http:\/\/www.w3.org\/1999\/xlink\" id=\"leaf\" viewBox=\"0 0 1792 1896.0833\">\n      <path d=\"M1280 704q0-26-19-45t-45-19q-172 0-318 49.5t-259.5 134T403 1043q-19 21-19 45 0 26 19 45t45 19q24 0 45-19 27-24 74-71t67-66q137-124 268.5-176t313.5-52q26 0 45-19t19-45zm512-198q0 95-20 193-46 224-184.5 383T1230 1350q-214 108-438 108-148 0-286-47-15-5-88-42t-96-37q-16 0-39.5 32t-45 70-52.5 70-60 32q-43 0-63.5-17.5T16 1459q-2-4-6-11t-5.5-10-3-9.5T0 1415q0-35 31-73.5t68-65.5 68-56 31-48q0-4-14-38t-16-44q-9-51-9-104 0-115 43.5-220t119-184.5 170.5-139T696 347q55-18 145-25.5t179.5-9 178.5-6 163.5-24T1476 226l29.5-29.5 29.5-28 27-20 36.5-16 43.5-4.5q39 0 70.5 46t47.5 112 24 124 8 96z\"><\/path>\n    <\/svg><\/span> <span class=\"h-divider__line style-2254-line style-local-1556-c11-line style-2254-line style-local-1556-c11-line\"><\/span><\/div>\n              <\/div>\n            <\/div>\n          <\/div>\n        <\/div>\n      <\/div>\n      <div data-colibri-id=\"1556-c12\" class=\"h-row-container gutters-row-lg-2 gutters-row-md-2 gutters-row-0 gutters-row-v-lg-2 gutters-row-v-md-2 gutters-row-v-2 style-2255 style-local-1556-c12 position-relative\">\n        <!---->\n        <div class=\"h-row justify-content-lg-center justify-content-md-center justify-content-center align-items-lg-stretch align-items-md-stretch align-items-stretch gutters-col-lg-2 gutters-col-md-2 gutters-col-0 gutters-col-v-lg-2 gutters-col-v-md-2 gutters-col-v-2\">\n          <!---->\n          <div class=\"h-column h-column-container d-flex h-col-lg-auto h-col-md-auto h-col-auto style-2256-outer style-local-1556-c13-outer\">\n            <div data-colibri-id=\"1556-c13\" class=\"d-flex h-flex-basis h-column__inner h-px-lg-2 h-px-md-2 h-px-2 v-inner-lg-2 v-inner-md-2 v-inner-2 style-2256 style-local-1556-c13 position-relative\">\n              <!---->\n              <!---->\n              <div class=\"w-100 h-y-container h-column__content h-column__v-align flex-basis-100 align-self-lg-start align-self-md-start align-self-start\">\n                <!---->\n                <div data-colibri-id=\"1556-c14\" class=\"h-text h-text-component style-2257 style-local-1556-c14 position-relative h-element\">\n                  <!---->\n                  <!---->\n                  <div class=\"\">\n                    <p>Le <strong>Cente <\/strong>sono sculture di candele che riflettono la devozione della comunit\u00e0 di Accettura verso San Giuliano. Durante i giorni della festa, il luned\u00ec e il marted\u00ec, queste candele aprono la processione del Santo, precedendo\n                      la statua di San Giuliano. Ogni candela rappresenta una preghiera personale, ma collettivamente simboleggiano l&#8217;unit\u00e0 della Chiesa che rende grazie al Santo Protettore. Portare la Centa sul capo \u00e8 un atto di sacrificio e fede. <strong>Tradizionalmente, erano le donne nubili o prossime al matrimonio a portarla<\/strong>,\n                      pregando per la grazia del matrimonio o la benedizione delle famiglie. Le corde ai lati della Centa venivano tenute dalle madri degli sposi, simbolizzando l\u2019unione familiare sotto la protezione del Santo.<\/p>\n                  <\/div>\n                <\/div>\n              <\/div>\n            <\/div>\n          <\/div>\n          <div class=\"h-column h-column-container d-flex h-col-lg-auto h-col-md-auto h-col-auto style-2258-outer style-local-1556-c15-outer\">\n            <div data-colibri-id=\"1556-c15\" class=\"d-flex h-flex-basis h-column__inner h-px-lg-2 h-px-md-2 h-px-2 v-inner-lg-2 v-inner-md-2 v-inner-2 style-2258 style-local-1556-c15 position-relative\">\n              <!---->\n              <!---->\n              <div class=\"w-100 h-y-container h-column__content h-column__v-align flex-basis-100 align-self-lg-start align-self-md-start align-self-start\">\n                <!---->\n                <div data-colibri-id=\"1556-c16\" class=\"d-block style-2259 style-local-1556-c16 position-relative h-element\">\n                  <!---->\n                  <div class=\"h-image__frame-container-outer\">\n                    <div class=\"h-image__frame-container\">\n                      <!---->\n                      <!---->\n                      <img loading=\"lazy\" decoding=\"async\" width=\"1000\" height=\"658\" src=\"https:\/\/www.ilmaggiodiaccettura.it\/wp-content\/uploads\/2024\/12\/cente-1.png\" class=\"wp-image-1583 style-2259-image style-local-1556-c16-image\" alt=\"\" srcset=\"https:\/\/www.ilmaggiodiaccettura.it\/wp-content\/uploads\/2024\/12\/cente-1.png 1000w, https:\/\/www.ilmaggiodiaccettura.it\/wp-content\/uploads\/2024\/12\/cente-1-300x197.png 300w, https:\/\/www.ilmaggiodiaccettura.it\/wp-content\/uploads\/2024\/12\/cente-1-768x505.png 768w\" sizes=\"auto, (max-width: 1000px) 100vw, 1000px\" \/>\n                      <div class=\"h-image__frame h-hide-lg h-hide-md h-hide-sm style-2259-frameImage style-local-1556-c16-frameImage\"><\/div>\n                    <\/div>\n                  <\/div>\n                <\/div>\n                <div data-colibri-id=\"1556-c17\" class=\"h-text h-text-component style-2260 style-local-1556-c17 position-relative h-element\">\n                  <!---->\n                  <!---->\n                  <div class=\"\">\n                    <p><em style=\"color: rgb(37, 41, 42); font-family: &quot;Playfair Display&quot;; font-size: 11px; font-weight: 400;\">foto di Charley Pert<\/em><\/p>\n                  <\/div>\n                <\/div>\n              <\/div>\n            <\/div>\n          <\/div>\n        <\/div>\n      <\/div>\n      <div data-colibri-id=\"1556-c18\" class=\"h-row-container gutters-row-lg-2 gutters-row-md-2 gutters-row-0 gutters-row-v-lg-2 gutters-row-v-md-2 gutters-row-v-2 style-2261 style-local-1556-c18 position-relative\">\n        <!---->\n        <div class=\"h-row justify-content-lg-center justify-content-md-center justify-content-center align-items-lg-stretch align-items-md-stretch align-items-stretch gutters-col-lg-2 gutters-col-md-2 gutters-col-0 gutters-col-v-lg-2 gutters-col-v-md-2 gutters-col-v-2\">\n          <!---->\n          <div class=\"h-column h-column-container d-flex h-col-lg-auto h-col-md-auto h-col-auto style-2262-outer style-local-1556-c19-outer\">\n            <div data-colibri-id=\"1556-c19\" class=\"d-flex h-flex-basis h-column__inner h-px-lg-2 h-px-md-2 h-px-2 v-inner-lg-2 v-inner-md-2 v-inner-2 style-2262 style-local-1556-c19 position-relative\">\n              <!---->\n              <!---->\n              <div class=\"w-100 h-y-container h-column__content h-column__v-align flex-basis-100 align-self-lg-start align-self-md-start align-self-start\">\n                <!---->\n                <div data-colibri-id=\"1556-c20\" class=\"h-text h-text-component style-2263 style-local-1556-c20 position-relative h-element\">\n                  <!---->\n                  <!---->\n                  <div class=\"\">\n                    <p>Di tanto in tanto le donne danzano al ritmo di canti popolari e religiosi con le sculture sul capo: <strong>\u00e8 <em>il ballo delle Cente<\/em><\/strong>. Questa danza, che unisce fatica e gioia, rappresenta un equilibrio tra tradizione\n                      e spiritualit\u00e0, toccando profondamente chi la osserva.<\/p>\n                    <p><strong>La costruzione della Centa<\/strong> \u00e8 un lavoro lungo e impegnativo, che parte da una base di legno (<strong><em>macegna<\/em><\/strong>) su cui vengono allineate le candele, legate con fili di ferro e decorazioni. In cima, si\n                      aggiungono fiori e l\u2019effigie di San Giuliano. Le Cente variano in peso e dimensioni, con quelle pi\u00f9 grandi che possono arrivare fino a 25 kg, rendendo necessario un cambio di portatrici durante la processione.<\/p>\n                    <p>Trasportare una Centa \u00e8 un onore e una fatica che unisce forza fisica e profonda fede.<\/p>\n                  <\/div>\n                <\/div>\n              <\/div>\n            <\/div>\n          <\/div>\n          <div class=\"h-column h-column-container d-flex h-col-lg-auto h-col-md-auto h-col-auto style-2264-outer style-local-1556-c21-outer\">\n            <div data-colibri-id=\"1556-c21\" class=\"d-flex h-flex-basis h-column__inner h-px-lg-2 h-px-md-2 h-px-2 v-inner-lg-2 v-inner-md-2 v-inner-2 style-2264 style-local-1556-c21 position-relative\">\n              <!---->\n              <!---->\n              <div class=\"w-100 h-y-container h-column__content h-column__v-align flex-basis-100 align-self-lg-start align-self-md-start align-self-start\">\n                <!---->\n                <div data-colibri-id=\"1556-c22\" class=\"d-block style-2265 style-local-1556-c22 position-relative h-element\">\n                  <!---->\n                  <div class=\"h-image__frame-container-outer\">\n                    <div class=\"h-image__frame-container\">\n                      <!---->\n                      <!---->\n                      <img loading=\"lazy\" decoding=\"async\" width=\"1000\" height=\"658\" src=\"https:\/\/www.ilmaggiodiaccettura.it\/wp-content\/uploads\/2024\/12\/cente-2-1.png\" class=\"wp-image-1588 style-2265-image style-local-1556-c22-image\" alt=\"\" srcset=\"https:\/\/www.ilmaggiodiaccettura.it\/wp-content\/uploads\/2024\/12\/cente-2-1.png 1000w, https:\/\/www.ilmaggiodiaccettura.it\/wp-content\/uploads\/2024\/12\/cente-2-1-300x197.png 300w, https:\/\/www.ilmaggiodiaccettura.it\/wp-content\/uploads\/2024\/12\/cente-2-1-768x505.png 768w\" sizes=\"auto, (max-width: 1000px) 100vw, 1000px\" \/>\n                      <div class=\"h-image__frame h-hide-lg h-hide-md h-hide-sm style-2265-frameImage style-local-1556-c22-frameImage\"><\/div>\n                    <\/div>\n                  <\/div>\n                <\/div>\n                <div data-colibri-id=\"1556-c23\" class=\"h-text h-text-component style-2266 style-local-1556-c23 position-relative h-element\">\n                  <!---->\n                  <!---->\n                  <div class=\"\">\n                    <p><em style=\"font-weight: 400; font-size: 11px; font-family: &quot;Playfair Display&quot;; color: rgb(37, 41, 42);\">foto di Charley Pert<\/em><\/p>\n                  <\/div>\n                <\/div>\n              <\/div>\n            <\/div>\n          <\/div>\n        <\/div>\n      <\/div>\n      <div data-colibri-id=\"1556-c24\" class=\"h-row-container gutters-row-lg-2 gutters-row-md-2 gutters-row-0 gutters-row-v-lg-2 gutters-row-v-md-2 gutters-row-v-2 style-2267 style-local-1556-c24 position-relative\">\n        <!---->\n        <div class=\"h-row justify-content-lg-center justify-content-md-center justify-content-center align-items-lg-stretch align-items-md-stretch align-items-stretch gutters-col-lg-2 gutters-col-md-2 gutters-col-0 gutters-col-v-lg-2 gutters-col-v-md-2 gutters-col-v-2\">\n          <!---->\n          <div class=\"h-column h-column-container d-flex h-col-lg-auto h-col-md-auto h-col-auto style-2268-outer style-local-1556-c25-outer\">\n            <div data-colibri-id=\"1556-c25\" class=\"d-flex h-flex-basis h-column__inner h-px-lg-2 h-px-md-2 h-px-2 v-inner-lg-2 v-inner-md-2 v-inner-2 style-2268 style-local-1556-c25 position-relative\">\n              <!---->\n              <!---->\n              <div class=\"w-100 h-y-container h-column__content h-column__v-align flex-basis-100 align-self-lg-start align-self-md-start align-self-start\">\n                <!---->\n                <div data-colibri-id=\"1556-c26\" class=\"h-divider style-2269 style-local-1556-c26 position-relative h-element\">\n                  <!----><span class=\"h-divider__line style-2269-line style-local-1556-c26-line style-2269-line style-local-1556-c26-line\"><\/span> <span class=\"h-svg-icon h-divider__icon style-2269-icon style-local-1556-c26-icon\"><!--Icon by Font Awesome (https:\/\/fontawesome.com)-->\n    <svg version=\"1.1\" xmlns=\"http:\/\/www.w3.org\/2000\/svg\" xmlns:xlink=\"http:\/\/www.w3.org\/1999\/xlink\" id=\"leaf\" viewBox=\"0 0 1792 1896.0833\">\n      <path d=\"M1280 704q0-26-19-45t-45-19q-172 0-318 49.5t-259.5 134T403 1043q-19 21-19 45 0 26 19 45t45 19q24 0 45-19 27-24 74-71t67-66q137-124 268.5-176t313.5-52q26 0 45-19t19-45zm512-198q0 95-20 193-46 224-184.5 383T1230 1350q-214 108-438 108-148 0-286-47-15-5-88-42t-96-37q-16 0-39.5 32t-45 70-52.5 70-60 32q-43 0-63.5-17.5T16 1459q-2-4-6-11t-5.5-10-3-9.5T0 1415q0-35 31-73.5t68-65.5 68-56 31-48q0-4-14-38t-16-44q-9-51-9-104 0-115 43.5-220t119-184.5 170.5-139T696 347q55-18 145-25.5t179.5-9 178.5-6 163.5-24T1476 226l29.5-29.5 29.5-28 27-20 36.5-16 43.5-4.5q39 0 70.5 46t47.5 112 24 124 8 96z\"><\/path>\n    <\/svg><\/span> <span class=\"h-divider__line style-2269-line style-local-1556-c26-line style-2269-line style-local-1556-c26-line\"><\/span><\/div>\n              <\/div>\n            <\/div>\n          <\/div>\n        <\/div>\n      <\/div>\n    <\/div>\n  <\/div>\n<\/div>","protected":false},"excerpt":{"rendered":"<p>Le Cente Le Cente sono sculture di candele che riflettono la devozione della [&hellip;]<\/p>\n","protected":false},"author":1,"featured_media":0,"parent":0,"menu_order":0,"comment_status":"closed","ping_status":"closed","template":"page-templates\/full-width-page.php","meta":{"footnotes":""},"class_list":["post-1556","page","type-page","status-publish","hentry"],"jetpack_sharing_enabled":true,"_links":{"self":[{"href":"https:\/\/www.ilmaggiodiaccettura.it\/index.php?rest_route=\/wp\/v2\/pages\/1556","targetHints":{"allow":["GET"]}}],"collection":[{"href":"https:\/\/www.ilmaggiodiaccettura.it\/index.php?rest_route=\/wp\/v2\/pages"}],"about":[{"href":"https:\/\/www.ilmaggiodiaccettura.it\/index.php?rest_route=\/wp\/v2\/types\/page"}],"author":[{"embeddable":true,"href":"https:\/\/www.ilmaggiodiaccettura.it\/index.php?rest_route=\/wp\/v2\/users\/1"}],"replies":[{"embeddable":true,"href":"https:\/\/www.ilmaggiodiaccettura.it\/index.php?rest_route=%2Fwp%2Fv2%2Fcomments&post=1556"}],"version-history":[{"count":4,"href":"https:\/\/www.ilmaggiodiaccettura.it\/index.php?rest_route=\/wp\/v2\/pages\/1556\/revisions"}],"predecessor-version":[{"id":1590,"href":"https:\/\/www.ilmaggiodiaccettura.it\/index.php?rest_route=\/wp\/v2\/pages\/1556\/revisions\/1590"}],"wp:attachment":[{"href":"https:\/\/www.ilmaggiodiaccettura.it\/index.php?rest_route=%2Fwp%2Fv2%2Fmedia&parent=1556"}],"curies":[{"name":"wp","href":"https:\/\/api.w.org\/{rel}","templated":true}]}}