{"id":1482,"date":"2024-12-26T16:11:11","date_gmt":"2024-12-26T16:11:11","guid":{"rendered":"https:\/\/maggio.accesoft.it\/?page_id=1482"},"modified":"2024-12-26T16:24:30","modified_gmt":"2024-12-26T16:24:30","slug":"aspetto-sotrico-religioso","status":"publish","type":"page","link":"https:\/\/www.ilmaggiodiaccettura.it\/?page_id=1482","title":{"rendered":"Aspetto sotrico-religioso"},"content":{"rendered":"<div data-colibri-id=\"1482-c1\" class=\"style-2196 style-local-1482-c1 position-relative\">\n  <!---->\n  <div data-colibri-component=\"section\" data-colibri-id=\"1482-c2\" id=\"cta\" class=\"h-section h-section-global-spacing d-flex align-items-lg-center align-items-md-center align-items-center style-2197 style-local-1482-c2 position-relative\">\n    <!---->\n    <!---->\n    <div class=\"h-section-grid-container h-section-boxed-container\">\n      <!---->\n      <div data-colibri-id=\"1482-c3\" class=\"h-row-container gutters-row-lg-2 gutters-row-md-2 gutters-row-0 gutters-row-v-lg-2 gutters-row-v-md-2 gutters-row-v-2 style-2198 style-local-1482-c3 position-relative\">\n        <!---->\n        <div class=\"h-row justify-content-lg-center justify-content-md-center justify-content-center align-items-lg-stretch align-items-md-stretch align-items-stretch gutters-col-lg-2 gutters-col-md-2 gutters-col-0 gutters-col-v-lg-2 gutters-col-v-md-2 gutters-col-v-2\">\n          <!---->\n          <div class=\"h-column h-column-container d-flex h-col-lg-auto h-col-md-auto h-col-auto style-2199-outer style-local-1482-c4-outer\">\n            <div data-colibri-id=\"1482-c4\" class=\"d-flex h-flex-basis h-column__inner h-px-lg-2 h-px-md-2 h-px-2 v-inner-lg-2 v-inner-md-2 v-inner-2 style-2199 style-local-1482-c4 position-relative\">\n              <!---->\n              <!---->\n              <div class=\"w-100 h-y-container h-column__content h-column__v-align flex-basis-100 align-self-lg-start align-self-md-start align-self-start\">\n                <!---->\n                <div data-colibri-id=\"1482-c5\" class=\"h-global-transition-all h-heading style-2200 style-local-1482-c5 position-relative h-element\">\n                  <!---->\n                  <div class=\"h-heading__outer style-2200 style-local-1482-c5\">\n                    <!---->\n                    <!---->\n                    <h1 class=\"\">Aspetto Storico-Religioso<\/h1>\n                  <\/div>\n                <\/div>\n              <\/div>\n            <\/div>\n          <\/div>\n        <\/div>\n      <\/div>\n    <\/div>\n  <\/div>\n  <div data-colibri-component=\"section\" data-colibri-id=\"1482-c6\" id=\"initial-content\" class=\"h-section h-section-global-spacing d-flex align-items-lg-center align-items-md-center align-items-center style-2201 style-local-1482-c6 position-relative\">\n    <!---->\n    <!---->\n    <div class=\"h-section-grid-container h-section-boxed-container\">\n      <!---->\n      <div data-colibri-id=\"1482-c7\" class=\"h-row-container gutters-row-lg-2 gutters-row-md-2 gutters-row-0 gutters-row-v-lg-2 gutters-row-v-md-2 gutters-row-v-2 style-2202 style-local-1482-c7 position-relative\">\n        <!---->\n        <div class=\"h-row justify-content-lg-center justify-content-md-center justify-content-center align-items-lg-stretch align-items-md-stretch align-items-stretch gutters-col-lg-2 gutters-col-md-2 gutters-col-0 gutters-col-v-lg-2 gutters-col-v-md-2 gutters-col-v-2\">\n          <!---->\n          <div class=\"h-column h-column-container d-flex h-col-lg-auto h-col-md-auto h-col-auto style-2203-outer style-local-1482-c8-outer\">\n            <div data-colibri-id=\"1482-c8\" class=\"d-flex h-flex-basis h-column__inner h-px-lg-2 h-px-md-2 h-px-2 v-inner-lg-2 v-inner-md-2 v-inner-2 style-2203 style-local-1482-c8 position-relative\">\n              <!---->\n              <!---->\n              <div class=\"w-100 h-y-container h-column__content h-column__v-align flex-basis-100 align-self-lg-start align-self-md-start align-self-start\">\n                <!---->\n                <div data-colibri-id=\"1482-c9\" class=\"h-divider style-2204 style-local-1482-c9 position-relative h-element\">\n                  <!----><span class=\"h-divider__line style-2204-line style-local-1482-c9-line style-2204-line style-local-1482-c9-line\"><\/span> <span class=\"h-svg-icon h-divider__icon style-2204-icon style-local-1482-c9-icon\"><!--Icon by Font Awesome (https:\/\/fontawesome.com)-->\n    <svg version=\"1.1\" xmlns=\"http:\/\/www.w3.org\/2000\/svg\" xmlns:xlink=\"http:\/\/www.w3.org\/1999\/xlink\" id=\"leaf\" viewBox=\"0 0 1792 1896.0833\">\n      <path d=\"M1280 704q0-26-19-45t-45-19q-172 0-318 49.5t-259.5 134T403 1043q-19 21-19 45 0 26 19 45t45 19q24 0 45-19 27-24 74-71t67-66q137-124 268.5-176t313.5-52q26 0 45-19t19-45zm512-198q0 95-20 193-46 224-184.5 383T1230 1350q-214 108-438 108-148 0-286-47-15-5-88-42t-96-37q-16 0-39.5 32t-45 70-52.5 70-60 32q-43 0-63.5-17.5T16 1459q-2-4-6-11t-5.5-10-3-9.5T0 1415q0-35 31-73.5t68-65.5 68-56 31-48q0-4-14-38t-16-44q-9-51-9-104 0-115 43.5-220t119-184.5 170.5-139T696 347q55-18 145-25.5t179.5-9 178.5-6 163.5-24T1476 226l29.5-29.5 29.5-28 27-20 36.5-16 43.5-4.5q39 0 70.5 46t47.5 112 24 124 8 96z\"><\/path>\n    <\/svg><\/span> <span class=\"h-divider__line style-2204-line style-local-1482-c9-line style-2204-line style-local-1482-c9-line\"><\/span><\/div>\n              <\/div>\n            <\/div>\n          <\/div>\n        <\/div>\n      <\/div>\n      <div data-colibri-id=\"1482-c19\" class=\"h-row-container gutters-row-lg-2 gutters-row-md-2 gutters-row-0 gutters-row-v-lg-2 gutters-row-v-md-2 gutters-row-v-2 style-2214 style-local-1482-c19 position-relative\">\n        <!---->\n        <div class=\"h-row justify-content-lg-center justify-content-md-center justify-content-center align-items-lg-stretch align-items-md-stretch align-items-stretch gutters-col-lg-2 gutters-col-md-2 gutters-col-0 gutters-col-v-lg-2 gutters-col-v-md-2 gutters-col-v-2\">\n          <!---->\n          <div class=\"h-column h-column-container d-flex h-col-lg-auto h-col-md-auto h-col-auto style-2215-outer style-local-1482-c20-outer\">\n            <div data-colibri-id=\"1482-c20\" class=\"d-flex h-flex-basis h-column__inner h-ui-empty-state-container h-px-lg-2 h-px-md-2 h-px-2 v-inner-lg-2 v-inner-md-2 v-inner-2 style-2215 style-local-1482-c20 position-relative\">\n              <!---->\n              <!---->\n              <div class=\"w-100 h-y-container h-column__content h-column__v-align flex-basis-100\">\n                <!---->\n              <\/div>\n            <\/div>\n          <\/div>\n        <\/div>\n      <\/div>\n      <div data-colibri-id=\"1482-c10\" class=\"h-row-container gutters-row-lg-2 gutters-row-md-2 gutters-row-0 gutters-row-v-lg-2 gutters-row-v-md-2 gutters-row-v-2 style-2205 style-local-1482-c10 position-relative\">\n        <!---->\n        <div class=\"h-row justify-content-lg-center justify-content-md-center justify-content-center align-items-lg-stretch align-items-md-stretch align-items-stretch gutters-col-lg-2 gutters-col-md-2 gutters-col-0 gutters-col-v-lg-2 gutters-col-v-md-2 gutters-col-v-2\">\n          <!---->\n          <div class=\"h-column h-column-container d-flex h-col-lg-auto h-col-md-auto h-col-auto style-2206-outer style-local-1482-c11-outer\">\n            <div data-colibri-id=\"1482-c11\" class=\"d-flex h-flex-basis h-column__inner h-px-lg-2 h-px-md-2 h-px-2 v-inner-lg-2 v-inner-md-2 v-inner-2 style-2206 style-local-1482-c11 position-relative\">\n              <!---->\n              <!---->\n              <div class=\"w-100 h-y-container h-column__content h-column__v-align flex-basis-100 align-self-lg-start align-self-md-start align-self-start\">\n                <!---->\n                <div data-colibri-id=\"1482-c12\" class=\"h-text h-text-component style-2207 style-local-1482-c12 position-relative h-element\">\n                  <!---->\n                  <!---->\n                  <div class=\"\">\n                    <p>Il culto di San Giuliano ad Accettura sembra aver avuto origine nel <strong>1725, anno in cui il santo venne proclamato protettore del paese<\/strong>.<\/p>\n                    <p>Sin dai primi anni, la venerazione per San Giuliano si \u00e8 intrecciata con la storia locale, come attestano i documenti d&#8217;archivio. Nel 1744, durante una visita pastorale di <em>mons. Zavarrone<\/em>, venne registrata la presenza di una\n                      statua lignea del santo, che custodiva nel petto una reliquia all\u2019interno di una teca argentea. Inoltre, si document\u00f2 l&#8217;esistenza di un altare dedicato al protettore e l&#8217;organizzazione di una festa esterna, la cui buona riuscita\n                      era affidata a un procuratore nominato pubblicamente.<\/p>\n                    <p><strong>Un momento cruciale per il culto avvenne nel 1796<\/strong>, durante la visita pastorale di <em>mons. Fortunato Pinto<\/em>. In quell\u2019occasione, il vescovo rilev\u00f2 l\u2019assenza di una pergamena che attestasse l\u2019autenticit\u00e0 della\n                      reliquia, <strong>ingiungendo al clero di ottenere un\u2019autentica entro un anno, pena la &#8220;rottura della reliquia&#8221;<\/strong>. Questa crisi spinse <strong>l\u2019arciprete Giuseppe Nicola Spagna<\/strong> a convocare i presbiteri, trovando\n                      una soluzione grazie all\u2019intervento di un compaesano, <strong>Fra Berardino Cifuni<\/strong>, cappellano regio a Sora, citt\u00e0 che aveva San Giuliano Martire come patrono. Fra Berardino, gi\u00e0 legato alla comunit\u00e0 accetturese per aver\n                      officiato nel monastero di San Francesco, riusc\u00ec a ottenere un\u2019autentica per la reliquia,<strong> datata 29 aprile 1797<\/strong>. Il ritorno della reliquia autenticata ad Accettura segn\u00f2 una svolta nella devozione per San Giuliano,\n                      accendendo la fede della comunit\u00e0 e trasformando la festa in un evento ancora pi\u00f9 solenne.<\/p>\n                    <p>Questo episodio assunse il carattere di una rivincita nei confronti del vescovo, che aveva messo in dubbio la legittimit\u00e0 della reliquia. Si ipotizza che la celebrazione del ritorno della reliquia coincise con<strong> l\u2019Ascensione <\/strong>(25\n                      maggio) o con la <strong>Pentecoste&nbsp;<\/strong><span style=\"font-weight: 400; font-size: 16px; font-family: Roboto; color: rgb(37, 41, 42);\">(4 giugno)<\/span>, <strong>periodo durante il quale si svolgeva la festa dell\u2019albero o la festa di primavera<\/strong>.\n                      Proprio in questa occasione si sarebbe consolidata l\u2019unione indissolubile tra il culto di San Giuliano e il rito del Maggio. <\/p>\n                    <p>Questa fusione simbolica e rituale trov\u00f2 ulteriore conferma nella celebrazione del Centenario del 1897, che sanc\u00ec definitivamente l\u2019identit\u00e0 del Maggio di Accettura come intreccio tra tradizioni agrarie e religiose. La festa, da allora,\n                      \u00e8 diventata una rappresentazione della cultura locale, in cui il culto del Protettore e l\u2019antica ritualit\u00e0 arborea si fondono in un\u2019unica celebrazione dal profondo significato spirituale e comunitario.<span style=\"font-weight: 400; font-size: 16px; font-family: Roboto; color: rgb(37, 41, 42);\"><br> <\/span><\/p>\n                  <\/div>\n                <\/div>\n              <\/div>\n            <\/div>\n          <\/div>\n          <div class=\"h-column h-column-container d-flex h-col-lg-auto h-col-md-auto h-col-auto style-2217-outer style-local-1482-c22-outer\">\n            <div data-colibri-id=\"1482-c22\" class=\"d-flex h-flex-basis h-column__inner h-px-lg-2 h-px-md-2 h-px-2 v-inner-lg-2 v-inner-md-2 v-inner-2 style-2217 style-local-1482-c22 position-relative\">\n              <!---->\n              <!---->\n              <div class=\"w-100 h-y-container h-column__content h-column__v-align flex-basis-100 align-self-lg-start align-self-md-start align-self-start\">\n                <!---->\n                <div data-colibri-id=\"1482-c21\" class=\"d-block style-2216 style-local-1482-c21 position-relative h-element\">\n                  <!---->\n                  <div class=\"h-image__frame-container-outer\">\n                    <div class=\"h-image__frame-container\">\n                      <!---->\n                      <!---->\n                      <img loading=\"lazy\" decoding=\"async\" width=\"750\" height=\"1322\" src=\"https:\/\/www.ilmaggiodiaccettura.it\/wp-content\/uploads\/2024\/12\/ICCD8413561_SBAS-MT-E-65653-1.jpg\" class=\"wp-image-1486 style-2216-image style-local-1482-c21-image\" alt=\"\" srcset=\"https:\/\/www.ilmaggiodiaccettura.it\/wp-content\/uploads\/2024\/12\/ICCD8413561_SBAS-MT-E-65653-1.jpg 750w, https:\/\/www.ilmaggiodiaccettura.it\/wp-content\/uploads\/2024\/12\/ICCD8413561_SBAS-MT-E-65653-1-170x300.jpg 170w, https:\/\/www.ilmaggiodiaccettura.it\/wp-content\/uploads\/2024\/12\/ICCD8413561_SBAS-MT-E-65653-1-581x1024.jpg 581w\" sizes=\"auto, (max-width: 750px) 100vw, 750px\" \/>\n                      <div class=\"h-image__frame h-hide-lg h-hide-md h-hide-sm style-2216-frameImage style-local-1482-c21-frameImage\"><\/div>\n                    <\/div>\n                  <\/div>\n                <\/div>\n              <\/div>\n            <\/div>\n          <\/div>\n        <\/div>\n      <\/div>\n      <div data-colibri-id=\"1482-c14\" class=\"h-row-container gutters-row-lg-2 gutters-row-md-2 gutters-row-0 gutters-row-v-lg-2 gutters-row-v-md-2 gutters-row-v-2 style-2209 style-local-1482-c14 position-relative\">\n        <!---->\n        <div class=\"h-row justify-content-lg-center justify-content-md-center justify-content-center align-items-lg-stretch align-items-md-stretch align-items-stretch gutters-col-lg-2 gutters-col-md-2 gutters-col-0 gutters-col-v-lg-2 gutters-col-v-md-2 gutters-col-v-2\">\n          <!---->\n          <div class=\"h-column h-column-container d-flex h-col-lg-auto h-col-md-auto h-col-auto style-2210-outer style-local-1482-c15-outer\">\n            <div data-colibri-id=\"1482-c15\" class=\"d-flex h-flex-basis h-column__inner h-ui-empty-state-container h-px-lg-2 h-px-md-2 h-px-2 v-inner-lg-2 v-inner-md-2 v-inner-2 style-2210 style-local-1482-c15 position-relative\">\n              <!---->\n              <!---->\n              <div class=\"w-100 h-y-container h-column__content h-column__v-align flex-basis-100\">\n                <!---->\n              <\/div>\n            <\/div>\n          <\/div>\n        <\/div>\n      <\/div>\n      <div data-colibri-id=\"1482-c16\" class=\"h-row-container gutters-row-lg-2 gutters-row-md-2 gutters-row-0 gutters-row-v-lg-2 gutters-row-v-md-2 gutters-row-v-2 style-2211 style-local-1482-c16 position-relative\">\n        <!---->\n        <div class=\"h-row justify-content-lg-center justify-content-md-center justify-content-center align-items-lg-stretch align-items-md-stretch align-items-stretch gutters-col-lg-2 gutters-col-md-2 gutters-col-0 gutters-col-v-lg-2 gutters-col-v-md-2 gutters-col-v-2\">\n          <!---->\n          <div class=\"h-column h-column-container d-flex h-col-lg-auto h-col-md-auto h-col-auto style-2212-outer style-local-1482-c17-outer\">\n            <div data-colibri-id=\"1482-c17\" class=\"d-flex h-flex-basis h-column__inner h-px-lg-2 h-px-md-2 h-px-2 v-inner-lg-2 v-inner-md-2 v-inner-2 style-2212 style-local-1482-c17 position-relative\">\n              <!---->\n              <!---->\n              <div class=\"w-100 h-y-container h-column__content h-column__v-align flex-basis-100 align-self-lg-start align-self-md-start align-self-start\">\n                <!---->\n                <div data-colibri-id=\"1482-c18\" class=\"h-divider style-2213 style-local-1482-c18 position-relative h-element\">\n                  <!----><span class=\"h-divider__line style-2213-line style-local-1482-c18-line style-2213-line style-local-1482-c18-line\"><\/span> <span class=\"h-svg-icon h-divider__icon style-2213-icon style-local-1482-c18-icon\"><!--Icon by Font Awesome (https:\/\/fontawesome.com)-->\n    <svg version=\"1.1\" xmlns=\"http:\/\/www.w3.org\/2000\/svg\" xmlns:xlink=\"http:\/\/www.w3.org\/1999\/xlink\" id=\"leaf\" viewBox=\"0 0 1792 1896.0833\">\n      <path d=\"M1280 704q0-26-19-45t-45-19q-172 0-318 49.5t-259.5 134T403 1043q-19 21-19 45 0 26 19 45t45 19q24 0 45-19 27-24 74-71t67-66q137-124 268.5-176t313.5-52q26 0 45-19t19-45zm512-198q0 95-20 193-46 224-184.5 383T1230 1350q-214 108-438 108-148 0-286-47-15-5-88-42t-96-37q-16 0-39.5 32t-45 70-52.5 70-60 32q-43 0-63.5-17.5T16 1459q-2-4-6-11t-5.5-10-3-9.5T0 1415q0-35 31-73.5t68-65.5 68-56 31-48q0-4-14-38t-16-44q-9-51-9-104 0-115 43.5-220t119-184.5 170.5-139T696 347q55-18 145-25.5t179.5-9 178.5-6 163.5-24T1476 226l29.5-29.5 29.5-28 27-20 36.5-16 43.5-4.5q39 0 70.5 46t47.5 112 24 124 8 96z\"><\/path>\n    <\/svg><\/span> <span class=\"h-divider__line style-2213-line style-local-1482-c18-line style-2213-line style-local-1482-c18-line\"><\/span><\/div>\n              <\/div>\n            <\/div>\n          <\/div>\n        <\/div>\n      <\/div>\n    <\/div>\n  <\/div>\n<\/div>","protected":false},"excerpt":{"rendered":"<p>Aspetto Storico-Religioso Il culto di San Giuliano ad Accettura sembra aver avuto origine [&hellip;]<\/p>\n","protected":false},"author":1,"featured_media":0,"parent":0,"menu_order":0,"comment_status":"closed","ping_status":"closed","template":"page-templates\/full-width-page.php","meta":{"footnotes":""},"class_list":["post-1482","page","type-page","status-publish","hentry"],"jetpack_sharing_enabled":true,"_links":{"self":[{"href":"https:\/\/www.ilmaggiodiaccettura.it\/index.php?rest_route=\/wp\/v2\/pages\/1482","targetHints":{"allow":["GET"]}}],"collection":[{"href":"https:\/\/www.ilmaggiodiaccettura.it\/index.php?rest_route=\/wp\/v2\/pages"}],"about":[{"href":"https:\/\/www.ilmaggiodiaccettura.it\/index.php?rest_route=\/wp\/v2\/types\/page"}],"author":[{"embeddable":true,"href":"https:\/\/www.ilmaggiodiaccettura.it\/index.php?rest_route=\/wp\/v2\/users\/1"}],"replies":[{"embeddable":true,"href":"https:\/\/www.ilmaggiodiaccettura.it\/index.php?rest_route=%2Fwp%2Fv2%2Fcomments&post=1482"}],"version-history":[{"count":2,"href":"https:\/\/www.ilmaggiodiaccettura.it\/index.php?rest_route=\/wp\/v2\/pages\/1482\/revisions"}],"predecessor-version":[{"id":1489,"href":"https:\/\/www.ilmaggiodiaccettura.it\/index.php?rest_route=\/wp\/v2\/pages\/1482\/revisions\/1489"}],"wp:attachment":[{"href":"https:\/\/www.ilmaggiodiaccettura.it\/index.php?rest_route=%2Fwp%2Fv2%2Fmedia&parent=1482"}],"curies":[{"name":"wp","href":"https:\/\/api.w.org\/{rel}","templated":true}]}}